{"id":340,"date":"2019-07-24T01:37:17","date_gmt":"2019-07-24T01:37:17","guid":{"rendered":"https:\/\/goya.everthemes.com\/demo-decor\/?page_id=340"},"modified":"2026-03-30T08:56:08","modified_gmt":"2026-03-30T08:56:08","slug":"about-alice","status":"publish","type":"page","link":"https:\/\/aliceartworld.ro\/ro\/about-alice\/","title":{"rendered":"Despre Alice"},"content":{"rendered":"<div class=\"wpb-content-wrapper\"><div  class=\"sec_row container-fluid\"><div data-vc-parallax=\"1.5\" class=\"vc_row wpb_row vc_row-fluid no-padding align-center vc_row-has-fill vc_general vc_parallax vc_parallax-content-moving\"><div class=\"wpb_column vc_column_container vc_col-sm-12 et-light-column\"><div class=\"vc_column-inner\"><div class=\"wpb_wrapper\">\r\n\t\t<div class=\"et-banner-69f7d9f0021b4 et-banner content-full  image-type-css vh-height text-color-light hover-effect hover-zoom\"  style=\"height: 90vh;\"><div class=\"et-banner-image\" role=\"img\" aria-label=\"20250308_084347206_iOS\" data-image=\"https:\/\/aliceartworld.ro\/wp-content\/uploads\/2025\/10\/20250308_084347206_iOS-scaled.jpg\" style=\"background-image: url(https:\/\/aliceartworld.ro\/wp-content\/uploads\/2025\/10\/20250308_084347206_iOS-scaled.jpg);\"><\/div>\r\n\t\t\t<div class=\"et-banner-content\">\r\n\t\t\t\t<div class=\"et-banner-content-inner container\">\r\n\t\t\t\t\t<div class=\"et-banner-text h_center v_center align_center\">\r\n\t\t\t\t\t\t<div class=\"et-banner-text-inner animated\" data-animate=\"et-fadeInUp\"><h4 class=\"et-banner-subtitle  color-dark tag_style\">cine suntem<\/h4><h2 class=\"et-banner-title color-light xxlarge\">Universul Alice<\/h2><div class=\"et-banner-paragraph\"><p>Acolo unde arta \u0219i iubirea pentru tradi\u021bia rom\u00e2neasc\u0103 se \u00eent\u00e2lnesc.<\/p>\n<\/div><\/div>\r\n\t\t\t\t\t<\/div>\r\n\t\t\t\t<\/div>\r\n\t\t\t<\/div>\r\n\t\t<\/div><\/div><\/div><\/div><\/div><\/div><div  class=\"sec_row container\"><div class=\"vc_row wpb_row vc_row-fluid align-center vc_custom_1579121915525\"><div class=\"wpb_column vc_column_container animation bottom-to-top vc_col-sm-12 vc_col-lg-8 et-dark-column\"><div class=\"vc_column-inner\"><div class=\"wpb_wrapper\"><div class=\"vc_row wpb_row vc_inner vc_row-fluid max_width align-center\"><div class=\"wpb_column vc_column_container vc_col-sm-12 et-dark-column\"><div class=\"vc_column-inner\"><div class=\"wpb_wrapper\">\n\t<div class=\"wpb_text_column wpb_content_element\" >\n\t\t<div class=\"wpb_wrapper\">\n\t\t\t<h2>Despre Brand<\/h2>\n\n\t\t<\/div>\n\t<\/div>\n\n\t<div class=\"wpb_text_column wpb_content_element\" >\n\t\t<div class=\"wpb_wrapper\">\n\t\t\t<p data-start=\"165\" data-end=\"476\">Alice este un boutique de art\u0103 \u0219i design dedicat cre\u0103rii \u0219i curatorierii pieselor de colec\u021bie care \u00eembin\u0103 m\u0103iestria artistic\u0103 cu un me\u0219te\u0219ug excep\u021bional. Profund inspirat\u0103 de mitologia local\u0103, estetica ancestral\u0103 \u0219i bogata mo\u0219tenire cultural\u0103 a Rom\u00e2niei, munca noastr\u0103 transpune tradi\u021bia \u00een elegan\u021b\u0103 contemporan\u0103.<\/p>\n<p data-start=\"478\" data-end=\"764\">Fiecare e\u0219arf\u0103 din m\u0103tase, geant\u0103 \u0219i bijuterie este conceput\u0103 ca o art\u0103 purtabil\u0103 \u2014 o mo\u0219tenire modern\u0103, infuzat\u0103 cu simbolism autentic \u0219i pove\u0219ti f\u0103r\u0103 timp. Fiecare design ia na\u0219tere dintr-o cercetare etnografic\u0103 profund\u0103, reinterpret\u00e2nd motivele tradi\u021bionale printr-o lentil\u0103 rafinat\u0103 \u0219i contemporan\u0103.<\/p>\n<p data-start=\"766\" data-end=\"969\">Alice este f\u0103cut\u0103 pentru colec\u021bionari \u0219i cunosc\u0103tori ai frumuse\u021bii, culturii \u0219i semnifica\u021biei - pentru cei care doresc nu doar s\u0103 poarte un obiect, ci s\u0103 poarte o bucat\u0103 de patrimoniu, ridicat\u0103 \u00een expresie modern\u0103.<\/p>\n\n\t\t<\/div>\n\t<\/div>\n<\/div><\/div><\/div><\/div><\/div><\/div><\/div><\/div><\/div><div  class=\"sec_row container\"><div class=\"vc_row wpb_row vc_row-fluid\"><div class=\"wpb_column vc_column_container vc_col-sm-12 et-dark-column\"><div class=\"vc_column-inner\"><div class=\"wpb_wrapper\"><div class=\"vc_row wpb_row vc_inner vc_row-fluid max_width\"><div class=\"wpb_column vc_column_container animation bottom-to-top vc_col-sm-12 et-dark-column\"><div class=\"vc_column-inner\"><div class=\"wpb_wrapper\">\t<div class=\"et-image-35 et-image aligncenter    et_image_link\">\n\t\t<div class=\"et-image-inner animation bottom-to-top\">\n\t\t\t\t\t\t\t<div class=\"et-image-thumb\">\n\t\t\t\t\t<img loading=\"lazy\" decoding=\"async\" width=\"1920\" height=\"960\" src=\"https:\/\/aliceartworld.ro\/wp-content\/uploads\/2025\/10\/banner-founder-copy.jpg\" class=\"attachment-full\" alt=\"\" title=\"banner-founder copie\" srcset=\"https:\/\/aliceartworld.ro\/wp-content\/uploads\/2025\/10\/banner-founder-copy.jpg 1920w, https:\/\/aliceartworld.ro\/wp-content\/uploads\/2025\/10\/banner-founder-copy-300x150.jpg 300w, https:\/\/aliceartworld.ro\/wp-content\/uploads\/2025\/10\/banner-founder-copy-1024x512.jpg 1024w, https:\/\/aliceartworld.ro\/wp-content\/uploads\/2025\/10\/banner-founder-copy-768x384.jpg 768w, https:\/\/aliceartworld.ro\/wp-content\/uploads\/2025\/10\/banner-founder-copy-1536x768.jpg 1536w, https:\/\/aliceartworld.ro\/wp-content\/uploads\/2025\/10\/banner-founder-copy-150x75.jpg 150w, https:\/\/aliceartworld.ro\/wp-content\/uploads\/2025\/10\/banner-founder-copy-600x300.jpg 600w, https:\/\/aliceartworld.ro\/wp-content\/uploads\/2025\/10\/banner-founder-copy-900x450.jpg 900w\" sizes=\"auto, (max-width: 1920px) 100vw, 1920px\" \/>\t\t\t\t<\/div>\n\t\t\t\t\t\t\t\t\t\t\t<\/div>\n\t<\/div>\n  <\/div><\/div><\/div><\/div><\/div><\/div><\/div><\/div><\/div><div  class=\"sec_row container\"><div class=\"vc_row wpb_row vc_row-fluid align-center vc_custom_1579121928936\"><div class=\"wpb_column vc_column_container vc_col-sm-12 vc_col-lg-8 et-dark-column\"><div class=\"vc_column-inner\"><div class=\"wpb_wrapper\">\n\t<div class=\"wpb_text_column wpb_content_element\" >\n\t\t<div class=\"wpb_wrapper\">\n\t\t\t<h2>Despre Alice<\/h2>\n\n\t\t<\/div>\n\t<\/div>\n\n\t<div class=\"wpb_text_column wpb_content_element\" >\n\t\t<div class=\"wpb_wrapper\">\n\t\t\t<p data-start=\"115\" data-end=\"484\">Eu sunt Alice \u2014 creatoare de piese rafinate, lucrate manual, ancorate \u00een tradi\u021bia european\u0103 \u0219i \u00een\u0103l\u021bate prin art\u0103 contemporan\u0103. Lucr\u0103rile mele \u00eembin\u0103 estetica mo\u0219tenirii culturale cu me\u0219te\u0219ugul meticulos, transform\u00e2nd simbolurile culturale \u00een art\u0103 purtabil\u0103 de colec\u021bie. Fiecare pies\u0103 este conceput\u0103 ca o mo\u0219tenire modern\u0103 \u2014 atemporal\u0103, plin\u0103 de suflet \u0219i creat\u0103 pentru a purta poveste, memorie \u0219i semnifica\u021bie.<\/p>\n\n\t\t<\/div>\n\t<\/div>\n\n\t<div class=\"wpb_text_column wpb_content_element\" >\n\t\t<div class=\"wpb_wrapper\">\n\t\t\t<h2>Expozi\u021bii \u0219i Pres\u0103<\/h2>\n\n\t\t<\/div>\n\t<\/div>\n<div class=\"vc_row wpb_row vc_inner vc_row-fluid max_width\"><div class=\"wpb_column vc_column_container vc_col-sm-4 et-dark-column\"><div class=\"vc_column-inner\"><div class=\"wpb_wrapper\">\t\n\t<div class=\"et-hovercard-69f7d9f007262 animation bottom-to-top et-hovercard\">\n\t\t<a class=\"et-hovercard-link\" href=\"https:\/\/www.urban.ro\/recomandari-de-cadouri-de-la-designerii-noel\/\" target=\"_self\">\t\t<div class=\"et-hovercard-front et-hovercard-side\">\n\t\t\t<div class=\"et-hovercard-inner\">\n\t\t\t\t<h3 class=\"et-pricing-head\"><\/h3>\n\t\t\t<\/div>\n\t\t<\/div>\n\t\t<div class=\"et-hovercard-back et-hovercard-side\">\n\t\t\t<div class=\"et-hovercard-inner\">\n\t\t\t\t\t\t\t\t<h3 class=\"et-pricing-head\">Urban.ro<\/h3>\n\t\t\t\t\t\t\t\t\t<div class=\"et-pricing-content\">Un articol despre t\u00e2rgul de design NOEL \u00een care pute\u021bi afla mai multe despre ceea ce facem.<\/div>\n\t\t\t\t\t\t\t<\/div>\n\t\t<\/div>\n\t\t<\/a>\n\t<\/div>\n\t<div class=\"vc_empty_space\"   style=\"height: 15px\"><span class=\"vc_empty_space_inner\"><\/span><\/div>\t\n\t<div class=\"et-hovercard-69f7d9f007cf8 animation bottom-to-top et-hovercard\">\n\t\t<a class=\"et-hovercard-link\" href=\"https:\/\/aliceartworld.ro\/ro\/?p=3834\" target=\"_self\">\t\t<div class=\"et-hovercard-front et-hovercard-side\">\n\t\t\t<div class=\"et-hovercard-inner\">\n\t\t\t\t<h3 class=\"et-pricing-head\"><\/h3>\n\t\t\t<\/div>\n\t\t<\/div>\n\t\t<div class=\"et-hovercard-back et-hovercard-side\">\n\t\t\t<div class=\"et-hovercard-inner\">\n\t\t\t\t\t\t\t\t<h3 class=\"et-pricing-head\">Expozi\u021bia colec\u021biei de art\u0103 Calendarul<\/h3>\n\t\t\t\t\t\t\t\t\t<div class=\"et-pricing-content\">La sediul B\u0103ncii Na\u021bionale a Rom\u00e2niei<\/div>\n\t\t\t\t\t\t\t<\/div>\n\t\t<\/div>\n\t\t<\/a>\n\t<\/div>\n\t<div class=\"vc_empty_space\"   style=\"height: 15px\"><span class=\"vc_empty_space_inner\"><\/span><\/div>\t\n\t<div class=\"et-hovercard-69f7d9f008597 animation bottom-to-top et-hovercard\">\n\t\t<a class=\"et-hovercard-link\" href=\"https:\/\/www.instagram.com\/reel\/DMHufR5on5U\/?utm_source=ig_web_copy_link&igsh=MzRlODBiNWFlZA==\" target=\"_self\">\t\t<div class=\"et-hovercard-front et-hovercard-side\">\n\t\t\t<div class=\"et-hovercard-inner\">\n\t\t\t\t<h3 class=\"et-pricing-head\"><\/h3>\n\t\t\t<\/div>\n\t\t<\/div>\n\t\t<div class=\"et-hovercard-back et-hovercard-side\">\n\t\t\t<div class=\"et-hovercard-inner\">\n\t\t\t\t\t\t\t\t<h3 class=\"et-pricing-head\">Interviu Ziarul Financiar<\/h3>\n\t\t\t\t\t\t\t\t\t<div class=\"et-pricing-content\">Alice \u00een revista tip\u0103rit\u0103 Ziarul Financiar<\/div>\n\t\t\t\t\t\t\t<\/div>\n\t\t<\/div>\n\t\t<\/a>\n\t<\/div>\n\t<div class=\"vc_empty_space\"   style=\"height: 15px\"><span class=\"vc_empty_space_inner\"><\/span><\/div><\/div><\/div><\/div><div class=\"wpb_column vc_column_container vc_col-sm-4 et-dark-column\"><div class=\"vc_column-inner\"><div class=\"wpb_wrapper\">\t\n\t<div class=\"et-hovercard-69f7d9f0093d4 animation bottom-to-top et-hovercard\">\n\t\t<a class=\"et-hovercard-link\" href=\"https:\/\/www.instagram.com\/reel\/DBQldxTI5_2\/?utm_source=ig_web_copy_link&igsh=MzRlODBiNWFlZA%3D%3D\" target=\"_self\">\t\t<div class=\"et-hovercard-front et-hovercard-side\">\n\t\t\t<div class=\"et-hovercard-inner\">\n\t\t\t\t<h3 class=\"et-pricing-head\"><\/h3>\n\t\t\t<\/div>\n\t\t<\/div>\n\t\t<div class=\"et-hovercard-back et-hovercard-side\">\n\t\t\t<div class=\"et-hovercard-inner\">\n\t\t\t\t\t\t\t\t<h3 class=\"et-pricing-head\">Cultur\u0103 \u00eenalt\u0103<\/h3>\n\t\t\t\t\t\t\t\t\t<div class=\"et-pricing-content\">Advertorial \u00een prestigioasa revist\u0103 tip\u0103rit\u0103 Haute Culture<\/div>\n\t\t\t\t\t\t\t<\/div>\n\t\t<\/div>\n\t\t<\/a>\n\t<\/div>\n\t<div class=\"vc_empty_space\"   style=\"height: 15px\"><span class=\"vc_empty_space_inner\"><\/span><\/div>\t\n\t<div class=\"et-hovercard-69f7d9f009c8f animation bottom-to-top et-hovercard\">\n\t\t<a class=\"et-hovercard-link\" href=\"https:\/\/tvrinfo.ro\/alice-stanciu-imbratisand-trecutul-cu-stil-in-moda-contemporana\/\" target=\"_self\">\t\t<div class=\"et-hovercard-front et-hovercard-side\">\n\t\t\t<div class=\"et-hovercard-inner\">\n\t\t\t\t<h3 class=\"et-pricing-head\"><\/h3>\n\t\t\t<\/div>\n\t\t<\/div>\n\t\t<div class=\"et-hovercard-back et-hovercard-side\">\n\t\t\t<div class=\"et-hovercard-inner\">\n\t\t\t\t\t\t\t\t<h3 class=\"et-pricing-head\">Interviu live la TVR1<\/h3>\n\t\t\t\t\t\t\t\t\t<div class=\"et-pricing-content\">O discu\u021bie despre ceea ce fac la TVR Matinal<\/div>\n\t\t\t\t\t\t\t<\/div>\n\t\t<\/div>\n\t\t<\/a>\n\t<\/div>\n\t<div class=\"vc_empty_space\"   style=\"height: 15px\"><span class=\"vc_empty_space_inner\"><\/span><\/div>\t\n\t<div class=\"et-hovercard-69f7d9f00a625 animation bottom-to-top et-hovercard\">\n\t\t<a class=\"et-hovercard-link\" href=\"https:\/\/www.curatorialist.ro\/minunata-lume-artistica-a-lui-alice-stanciu-sau-altfel-spus-alices-art-world\/\" target=\"_self\">\t\t<div class=\"et-hovercard-front et-hovercard-side\">\n\t\t\t<div class=\"et-hovercard-inner\">\n\t\t\t\t<h3 class=\"et-pricing-head\"><\/h3>\n\t\t\t<\/div>\n\t\t<\/div>\n\t\t<div class=\"et-hovercard-back et-hovercard-side\">\n\t\t\t<div class=\"et-hovercard-inner\">\n\t\t\t\t\t\t\t\t<h3 class=\"et-pricing-head\">Interviu Curatorialist<\/h3>\n\t\t\t\t\t\t\t\t\t<div class=\"et-pricing-content\">Un interviu amplu despre brand \u0219i inspira\u021bia din spatele acestuia<\/div>\n\t\t\t\t\t\t\t<\/div>\n\t\t<\/div>\n\t\t<\/a>\n\t<\/div>\n\t<div class=\"vc_empty_space\"   style=\"height: 15px\"><span class=\"vc_empty_space_inner\"><\/span><\/div><\/div><\/div><\/div><div class=\"wpb_column vc_column_container vc_col-sm-4 et-dark-column\"><div class=\"vc_column-inner\"><div class=\"wpb_wrapper\">\t\n\t<div class=\"et-hovercard-69f7d9f00b2c0 animation bottom-to-top et-hovercard\">\n\t\t<a class=\"et-hovercard-link\" href=\"https:\/\/www.instagram.com\/p\/DQXZbQSjnUi\/\" target=\"_self\">\t\t<div class=\"et-hovercard-front et-hovercard-side\">\n\t\t\t<div class=\"et-hovercard-inner\">\n\t\t\t\t<h3 class=\"et-pricing-head\"><\/h3>\n\t\t\t<\/div>\n\t\t<\/div>\n\t\t<div class=\"et-hovercard-back et-hovercard-side\">\n\t\t\t<div class=\"et-hovercard-inner\">\n\t\t\t\t\t\t\t\t<h3 class=\"et-pricing-head\">Interviu Altiba9<\/h3>\n\t\t\t\t\t\t\t\t\t<div class=\"et-pricing-content\">Descoperi\u021bi interviul lui Alice \u00een edi\u021bia fizic\u0103 a Alitiba9, num\u0103rul 15<\/div>\n\t\t\t\t\t\t\t<\/div>\n\t\t<\/div>\n\t\t<\/a>\n\t<\/div>\n\t<div class=\"vc_empty_space\"   style=\"height: 15px\"><span class=\"vc_empty_space_inner\"><\/span><\/div>\t\n\t<div class=\"et-hovercard-69f7d9f00bbd0 animation bottom-to-top et-hovercard\">\n\t\t<a class=\"et-hovercard-link\" href=\"https:\/\/www.instagram.com\/p\/DQXZbQSjnUi\/\" target=\"_self\">\t\t<div class=\"et-hovercard-front et-hovercard-side\">\n\t\t\t<div class=\"et-hovercard-inner\">\n\t\t\t\t<h3 class=\"et-pricing-head\"><\/h3>\n\t\t\t<\/div>\n\t\t<\/div>\n\t\t<div class=\"et-hovercard-back et-hovercard-side\">\n\t\t\t<div class=\"et-hovercard-inner\">\n\t\t\t\t\t\t\t\t<h3 class=\"et-pricing-head\">Expozi\u021bie colec\u021bia de art\u0103 Muzele<\/h3>\n\t\t\t\t\t\t\t\t\t<div class=\"et-pricing-content\">O expozi\u021bie comun\u0103 pe tema feminit\u0103\u021bii de-a lungul timpului, unde au fost expuse picturile mele cu Muzele<\/div>\n\t\t\t\t\t\t\t<\/div>\n\t\t<\/div>\n\t\t<\/a>\n\t<\/div>\n\t<div class=\"vc_empty_space\"   style=\"height: 15px\"><span class=\"vc_empty_space_inner\"><\/span><\/div>\t\n\t<div class=\"et-hovercard-69f7d9f00c533 animation bottom-to-top et-hovercard\">\n\t\t<a class=\"et-hovercard-link\" href=\"https:\/\/www.altiba9.com\/alice-stanciu-directory-2024\" target=\"_self\">\t\t<div class=\"et-hovercard-front et-hovercard-side\">\n\t\t\t<div class=\"et-hovercard-inner\">\n\t\t\t\t<h3 class=\"et-pricing-head\"><\/h3>\n\t\t\t<\/div>\n\t\t<\/div>\n\t\t<div class=\"et-hovercard-back et-hovercard-side\">\n\t\t\t<div class=\"et-hovercard-inner\">\n\t\t\t\t\t\t\t\t<h3 class=\"et-pricing-head\">Altiba9<\/h3>\n\t\t\t\t\t\t\t\t\t<div class=\"et-pricing-content\">Membru al registrului arti\u0219tilor<\/div>\n\t\t\t\t\t\t\t<\/div>\n\t\t<\/div>\n\t\t<\/a>\n\t<\/div>\n\t<\/div><\/div><\/div><\/div><\/div><\/div><\/div><\/div><\/div>\n<\/div>","protected":false},"excerpt":{"rendered":"who we areAlice's UniverseWhere art and the love for Romanian tradition meet. About The Brand Alice is a boutique art and design house dedicated to the creation and curation of collectible pieces that merge fine artistry with exceptional craftsmanship. Deeply inspired by local mythology, ancestral aesthetics, and the rich cultural [...]","protected":false},"author":1,"featured_media":0,"parent":0,"menu_order":0,"comment_status":"closed","ping_status":"closed","template":"","meta":{"footnotes":""},"class_list":["post-340","page","type-page","status-publish","hentry"],"_links":{"self":[{"href":"https:\/\/aliceartworld.ro\/ro\/wp-json\/wp\/v2\/pages\/340","targetHints":{"allow":["GET"]}}],"collection":[{"href":"https:\/\/aliceartworld.ro\/ro\/wp-json\/wp\/v2\/pages"}],"about":[{"href":"https:\/\/aliceartworld.ro\/ro\/wp-json\/wp\/v2\/types\/page"}],"author":[{"embeddable":true,"href":"https:\/\/aliceartworld.ro\/ro\/wp-json\/wp\/v2\/users\/1"}],"replies":[{"embeddable":true,"href":"https:\/\/aliceartworld.ro\/ro\/wp-json\/wp\/v2\/comments?post=340"}],"version-history":[{"count":26,"href":"https:\/\/aliceartworld.ro\/ro\/wp-json\/wp\/v2\/pages\/340\/revisions"}],"predecessor-version":[{"id":10305,"href":"https:\/\/aliceartworld.ro\/ro\/wp-json\/wp\/v2\/pages\/340\/revisions\/10305"}],"wp:attachment":[{"href":"https:\/\/aliceartworld.ro\/ro\/wp-json\/wp\/v2\/media?parent=340"}],"curies":[{"name":"wp","href":"https:\/\/api.w.org\/{rel}","templated":true}]}}