{"id":342,"date":"2019-07-24T01:37:27","date_gmt":"2019-07-24T01:37:27","guid":{"rendered":"https:\/\/goya.everthemes.com\/demo-decor\/?page_id=342"},"modified":"2026-04-30T11:21:28","modified_gmt":"2026-04-30T11:21:28","slug":"contact","status":"publish","type":"page","link":"https:\/\/aliceartworld.ro\/ro\/contact\/","title":{"rendered":"Contact"},"content":{"rendered":"<div class=\"wpb-content-wrapper\"><div  class=\"sec_row container\"><div class=\"vc_row wpb_row vc_row-fluid vc_custom_1761574524450\"><div class=\"wpb_column vc_column_container animation bottom-to-top vc_col-sm-12 vc_col-md-offset-2 vc_col-md-10 et-dark-column\"><div class=\"vc_column-inner\"><div class=\"wpb_wrapper\">\n\t<div class=\"wpb_text_column wpb_content_element\" >\n\t\t<div class=\"wpb_wrapper\">\n\t\t\t<h1>Contacteaz\u0103-o pe Alice<\/h1>\n<h6 class=\"postline-large\">Ne-ar pl\u0103cea s\u0103 ne auzim<\/h6>\n\n\t\t<\/div>\n\t<\/div>\n<\/div><\/div><\/div><\/div><\/div><div  class=\"sec_row container\"><div class=\"vc_row wpb_row vc_row-fluid align-center vc_custom_1579122025808\"><div class=\"wpb_column vc_column_container animation left-to-right vc_col-sm-12 vc_col-md-4 et-dark-column vc_col-has-fill\"><div class=\"vc_column-inner  vc_custom_1579122224824\"><div class=\"wpb_wrapper\">\n\t<div class=\"wpb_text_column wpb_content_element   vc_custom_1777548082503\" >\n\t\t<div class=\"wpb_wrapper\">\n\t\t\t<h1>Scrie-ne<\/h1>\n<p><a href=\"mailto:ia*@***********ld.ro\" data-original-string=\"CpkykK4\/zJmB86HZ7gMazg==27apFNLN4nj18OzYeT8jP4lp4ESSrvmuXC8VVsclishScA=\" title=\"Acest contact a fost codat de Anti-Spam by CleanTalk. Face\u021bi clic pentru a decoda. Pentru a finaliza decodarea, asigura\u021bi-v\u0103 c\u0103 JavaScript este activat \u00een browser.\"><span \n                data-original-string='R+dEDfpzZTgIA8blTfEGzg==27a2O6M4ksSndISBuxRYvfG\/ZZQ+gkrx5Q6sPle+WRHCeg='\n                class='apbct-email-encoder'\n                title='Acest contact a fost codat de Anti-Spam by CleanTalk. Face\u021bi clic pentru a decoda. Pentru a finaliza decodarea, asigura\u021bi-v\u0103 c\u0103 JavaScript este activat \u00een browser.'>ia<span class=\"apbct-blur\">*<\/span>@<span class=\"apbct-blur\">***********<\/span>ld.ro<\/span><\/a><\/p>\n<h1>Sun\u0103-ne<\/h1>\n<p><a href=\"callto:+40741168400\">+40741168400<\/a><\/p>\n<h1>Distribuitori Rom\u00e2nia<\/h1>\n<p>Jujube, Sibiu<\/p>\n<p>Monoton, Timi\u0219oara<\/p>\n<p>Minivers, Bra\u0219ov<\/p>\n<h1>Distribuitori SUA<\/h1>\n<p><a href=\"https:\/\/cefain.com\/\">Ce frumos<\/a><\/p>\n\n\t\t<\/div>\n\t<\/div>\n<\/div><\/div><\/div><div class=\"wpb_column vc_column_container animation bottom-to-top vc_col-sm-12 vc_col-md-5 et-dark-column\"><div class=\"vc_column-inner  vc_custom_1578793586503\"><div class=\"wpb_wrapper\">\n\t<div  class=\"wpb_single_image wpb_content_element vc_align_left wpb_content_element\">\n\t\t\n\t\t<figure class=\"wpb_wrapper vc_figure\">\n\t\t\t<div class=\"vc_single_image-wrapper   vc_box_border_grey\"><img loading=\"lazy\" decoding=\"async\" width=\"800\" height=\"1000\" src=\"https:\/\/aliceartworld.ro\/wp-content\/uploads\/2025\/12\/r-1.jpg\" class=\"vc_single_image-img attachment-full\" alt=\"\" title=\"r\" srcset=\"https:\/\/aliceartworld.ro\/wp-content\/uploads\/2025\/12\/r-1.jpg 800w, https:\/\/aliceartworld.ro\/wp-content\/uploads\/2025\/12\/r-1-240x300.jpg 240w, https:\/\/aliceartworld.ro\/wp-content\/uploads\/2025\/12\/r-1-768x960.jpg 768w, https:\/\/aliceartworld.ro\/wp-content\/uploads\/2025\/12\/r-1-10x12.jpg 10w, https:\/\/aliceartworld.ro\/wp-content\/uploads\/2025\/12\/r-1-120x150.jpg 120w, https:\/\/aliceartworld.ro\/wp-content\/uploads\/2025\/12\/r-1-600x750.jpg 600w\" sizes=\"auto, (max-width: 800px) 100vw, 800px\" \/><\/div>\n\t\t<\/figure>\n\t<\/div>\n<\/div><\/div><\/div><\/div><\/div><div  class=\"sec_row container-fluid\"><div class=\"vc_row wpb_row vc_row-fluid no-padding text-center vc_custom_1762266803876 vc_row-has-fill\"><div class=\"wpb_column vc_column_container vc_col-sm-12 et-dark-column\"><div class=\"vc_column-inner\"><div class=\"wpb_wrapper\">\t\t<div id=\"et-button-69faf8c0b78c8\" class=\"et_btn_align_center animation bottom-to-top\">\n\t\t\t<a href=\"mailto:iam@aliceartworld.ro\" class=\"et_btn button et_btn_lg solid color-light  arrow-enabled\"  role=\"button\" title=\"S\u0103 lucr\u0103m \u00eempreun\u0103\" ><span>Hai s\u0103 lucr\u0103m \u00eempreun\u0103<\/span><svg xmlns=\"http:\/\/www.w3.org\/2000\/svg\" xmlns:xlink=\"http:\/\/www.w3.org\/1999\/xlink\" x=\"0px\" y=\"0px\"\r\n\t width=\"30px\" height=\"18px\" viewbox=\"0 0 30 18\" enable-background=\"new 0 0 30 18\" xml:space=\"preserve\">\r\n<path class=\"handle\" d=\"M20.305,16.212c-0.407,0.409-0.407,1.071,0,1.479s1.068,0.408,1.476,0l7.914-7.952c0.408-0.409,0.408-1.071,0-1.481\tl-7.914-7.952c-0.407-0.409-1.068-0.409-1.476,0s-0.407,1.071,0,1.48l7.185,7.221L20.305,16.212z\"\/>\r\n<path class=\"bar\" fill-rule=\"evenodd\" clip-rule=\"evenodd\" d=\"M1,8h28.001c0.551,0,1,0.448,1,1c0,0.553-0.449,1-1,1H1c-0.553,0-1-0.447-1-1\tC0,8.448,0.447,8,1,8z\"\/>\r\n<\/svg>\r\n<\/a>\n\t\t<\/div>\n\t\t\n\t<\/div><\/div><\/div><\/div><\/div>\n<\/div>","protected":false},"excerpt":{"rendered":"Get in Touch with Alice We\u2019d love to hear from you. Write to us iam@aliceartworld.ro Call us +40741168400 Stockists Romania Jujube, Sibiu Monoton, Timi\u0219oara Minivers, Bra\u0219ov Stockists USA Ce Fain Let&#039;s work together","protected":false},"author":1,"featured_media":0,"parent":0,"menu_order":0,"comment_status":"closed","ping_status":"closed","template":"","meta":{"footnotes":""},"class_list":["post-342","page","type-page","status-publish","hentry"],"_links":{"self":[{"href":"https:\/\/aliceartworld.ro\/ro\/wp-json\/wp\/v2\/pages\/342","targetHints":{"allow":["GET"]}}],"collection":[{"href":"https:\/\/aliceartworld.ro\/ro\/wp-json\/wp\/v2\/pages"}],"about":[{"href":"https:\/\/aliceartworld.ro\/ro\/wp-json\/wp\/v2\/types\/page"}],"author":[{"embeddable":true,"href":"https:\/\/aliceartworld.ro\/ro\/wp-json\/wp\/v2\/users\/1"}],"replies":[{"embeddable":true,"href":"https:\/\/aliceartworld.ro\/ro\/wp-json\/wp\/v2\/comments?post=342"}],"version-history":[{"count":11,"href":"https:\/\/aliceartworld.ro\/ro\/wp-json\/wp\/v2\/pages\/342\/revisions"}],"predecessor-version":[{"id":10475,"href":"https:\/\/aliceartworld.ro\/ro\/wp-json\/wp\/v2\/pages\/342\/revisions\/10475"}],"wp:attachment":[{"href":"https:\/\/aliceartworld.ro\/ro\/wp-json\/wp\/v2\/media?parent=342"}],"curies":[{"name":"wp","href":"https:\/\/api.w.org\/{rel}","templated":true}]}}