{"id":10066,"date":"2025-12-02T10:12:48","date_gmt":"2025-12-02T10:12:48","guid":{"rendered":"https:\/\/aliceartworld.ro\/?post_type=product&#038;p=10066"},"modified":"2026-03-30T10:59:54","modified_gmt":"2026-03-30T10:59:54","slug":"the-heirloom-bag-charm","status":"publish","type":"product","link":"https:\/\/aliceartworld.ro\/ro\/produs\/the-heirloom-bag-charm\/","title":{"rendered":"Charm de geant\u0103 Heirloom"},"content":{"rendered":"<p data-start=\"53\" data-end=\"347\">Realizat manual din piele natural\u0103 premium, charmul Heirloom este o expresie rafinat\u0103 a artei \u0219i simbolismului. Embosat cu motivul solar emblematic reg\u0103sit pe geanta Heirloom, acest accesoriu reprezint\u0103 lumina, protec\u021bia \u0219i continuitatea atemporal\u0103 \u2014 un simbol discret al mo\u0219tenirii noastre rom\u00e2ne\u0219ti purtate \u00een prezent.<\/p>\n<p data-start=\"349\" data-end=\"763\">Fiecare pies\u0103 este realizat\u0103 cu grij\u0103 \u00eentr-o serie limitat\u0103, celebr\u00e2nd exclusivitatea \u0219i me\u0219te\u0219ugul \u00een forma lor cea mai pur\u0103. Pielea natural\u0103 moale \u00eemb\u0103tr\u00e2ne\u0219te frumos \u00een timp, dezvolt\u00e2nd caracter \u0219i profunzime, asemenea pove\u0219tilor pe care le \u00eenso\u021be\u0219te. Conceput pentru a-\u021bi pune \u00een valoare geanta printr-un detaliu subtil, dar plin de sens, charmul Heirloom este mai mult dec\u00e2t un accesoriu \u2014 este o amintire, un simbol \u0219i o pies\u0103 de design de colec\u021bie.<\/p>\n<p data-start=\"765\" data-end=\"867\" data-is-last-node=\"\" data-is-only-node=\"\">Un adaos elegant pentru cei care apreciaz\u0103 obiectele cu suflet, creat s\u0103 reziste \u0219i s\u0103 fie transmis mai departe.<\/p>","protected":false},"excerpt":{"rendered":"<p>Un breloc atemporal realizat din piele natural\u0103, cu simbolul solar al colec\u021biei Heirloom - un semn de lumin\u0103, protec\u021bie \u0219i continuitate. Conceput pentru a imita emblema de pe geanta Heirloom, acest accesoriu rafinat adaug\u0103 o not\u0103 subtil\u0103 cultural\u0103 oric\u0103rei piese pe care o purta\u021bi. Elegant, simbolic \u0219i f\u0103cut s\u0103 dureze.<\/p>","protected":false},"featured_media":10231,"comment_status":"open","ping_status":"closed","template":"","meta":[],"product_brand":[],"product_cat":[81,118,80,84,106],"product_tag":[],"class_list":{"0":"post-10066","1":"product","2":"type-product","3":"status-publish","4":"has-post-thumbnail","6":"product_cat-bags","7":"product_cat-christmas-gifts","8":"product_cat-designs","9":"product_cat-iconic","10":"product_cat-new-designs","12":"first","13":"instock","14":"shipping-taxable","15":"purchasable","16":"product-type-simple"},"_links":{"self":[{"href":"https:\/\/aliceartworld.ro\/ro\/wp-json\/wp\/v2\/product\/10066","targetHints":{"allow":["GET"]}}],"collection":[{"href":"https:\/\/aliceartworld.ro\/ro\/wp-json\/wp\/v2\/product"}],"about":[{"href":"https:\/\/aliceartworld.ro\/ro\/wp-json\/wp\/v2\/types\/product"}],"replies":[{"embeddable":true,"href":"https:\/\/aliceartworld.ro\/ro\/wp-json\/wp\/v2\/comments?post=10066"}],"wp:featuredmedia":[{"embeddable":true,"href":"https:\/\/aliceartworld.ro\/ro\/wp-json\/wp\/v2\/media\/10231"}],"wp:attachment":[{"href":"https:\/\/aliceartworld.ro\/ro\/wp-json\/wp\/v2\/media?parent=10066"}],"wp:term":[{"taxonomy":"product_brand","embeddable":true,"href":"https:\/\/aliceartworld.ro\/ro\/wp-json\/wp\/v2\/product_brand?post=10066"},{"taxonomy":"product_cat","embeddable":true,"href":"https:\/\/aliceartworld.ro\/ro\/wp-json\/wp\/v2\/product_cat?post=10066"},{"taxonomy":"product_tag","embeddable":true,"href":"https:\/\/aliceartworld.ro\/ro\/wp-json\/wp\/v2\/product_tag?post=10066"}],"curies":[{"name":"wp","href":"https:\/\/api.w.org\/{rel}","templated":true}]}}