{"id":10135,"date":"2025-12-15T13:48:22","date_gmt":"2025-12-15T13:48:22","guid":{"rendered":"https:\/\/aliceartworld.ro\/?post_type=product&#038;p=10135"},"modified":"2026-01-26T12:38:27","modified_gmt":"2026-01-26T12:38:27","slug":"the-tree-of-life-ii-abstract-painting","status":"publish","type":"product","link":"https:\/\/aliceartworld.ro\/ro\/produs\/the-tree-of-life-ii-abstract-painting\/","title":{"rendered":"Pictura abstract\u0103 Pomul Vie\u021bii II"},"content":{"rendered":"<p class=\"p1\"><span class=\"s1\">Pictura abstract\u0103 Pomul Vie\u021bii II: Bradul de Cr\u0103ciun este mai mult dec\u00e2t o simpl\u0103 decora\u021biune de s\u0103rb\u0103toare \u2014 este un simbol profund, este \u201ebradul sf\u00e2nt\u201d. Potrivit legendei, la \u00eenceput existau doar Apele Lumii. Aceste ape erau \u00eentunecate, haotice \u0219i f\u0103r\u0103 margini. Dumnezeu a dorit s\u0103 creeze ceva nou, dar nu \u0219tia ce anume. Cuprins de frustrare, \u0219i-a aruncat buzduganul sf\u00e2nt \u00een Ape. Din acest gest divin a r\u0103s\u0103rit un copac \u2014 un brad, mai precis.<\/span><\/p>\n<p class=\"p1\"><span class=\"s1\">Acest brad a devenit\u00a0<\/span><span class=\"s2\">Coloana Lumii<\/span><span class=\"s1\">\u00a0sau\u00a0<\/span><span class=\"s2\">Pomul Vie\u021bii<\/span><span class=\"s1\">. Este un copac magic, vertical, o ax\u0103 sacr\u0103 \u00een jurul c\u0103reia s-a cl\u0103dit mai t\u00e2rziu \u00eentreaga lume. Aceast\u0103 legend\u0103 reflect\u0103 semnifica\u021bia atemporal\u0103 a bradului ca simbol al crea\u021biei, al ordinii \u0219i al noilor \u00eenceputuri.<\/span><\/p>\n<p class=\"p1\"><span class=\"s1\">Asemenea Pomului Vie\u021bii, bradul de Cr\u0103ciun simbolizeaz\u0103 re\u00eennoirea \u0219i speran\u021ba. Atunci c\u00e2nd ne adun\u0103m \u00een jurul lui \u00een fiecare sezon al s\u0103rb\u0103torilor, ne reamintim de r\u0103d\u0103cinile sale mitologice \u0219i de leg\u0103tura sa cu ciclul vie\u021bii. \u00cempodobirea lui cu lumini \u0219i ornamente reflect\u0103 actul de a aduce via\u021b\u0103, lumin\u0103 \u0219i bucurie acolo unde odinioar\u0103 domneau \u00eentunericul \u0219i haosul.<\/span><\/p>\n<p class=\"p1\"><span class=\"s1\">\u00centr-un fel, bradul de Cr\u0103ciun ne poart\u0103 \u00eenainte, spre noul \u00eenceput. El face leg\u0103tura dintre tradi\u021bie \u0219i promisiunea a ceea ce urmeaz\u0103. A\u0219a cum copacul mitologic a marcat \u00eenceputul lumii, bradul de Cr\u0103ciun marcheaz\u0103 pentru noi, \u00een fiecare an, un nou capitol.<\/span><\/p>","protected":false},"excerpt":{"rendered":"<p>O lucrare creat\u0103 special pentru Cr\u0103ciun, \u201ePomul Vie\u021bii II\u201d este o pictur\u0103 mic\u0103, plin\u0103 de vitalitate, care exploreaz\u0103 leg\u0103tura dintre bradul de Cr\u0103ciun \u0219i Pomul Vie\u021bii, a\u0219a cum este el cunoscut \u00een mitologia rom\u00e2neasc\u0103.<\/p>\n<ul>\n<li>acrilice pe p\u00e2nz\u0103<\/li>\n<li>20\u00d720 cm<\/li>\n<li>se livreaz\u0103 f\u0103r\u0103 ram\u0103<\/li>\n<li>creat \u00een 2025<\/li>\n<\/ul>","protected":false},"featured_media":10270,"comment_status":"open","ping_status":"closed","template":"","meta":[],"product_brand":[],"product_cat":[54,55,56,104],"product_tag":[],"class_list":{"0":"post-10135","1":"product","2":"type-product","3":"status-publish","4":"has-post-thumbnail","6":"product_cat-all-art","7":"product_cat-new-art","8":"product_cat-small-originals","9":"product_cat-unique","11":"first","12":"outofstock","13":"shipping-taxable","14":"purchasable","15":"product-type-simple"},"_links":{"self":[{"href":"https:\/\/aliceartworld.ro\/ro\/wp-json\/wp\/v2\/product\/10135","targetHints":{"allow":["GET"]}}],"collection":[{"href":"https:\/\/aliceartworld.ro\/ro\/wp-json\/wp\/v2\/product"}],"about":[{"href":"https:\/\/aliceartworld.ro\/ro\/wp-json\/wp\/v2\/types\/product"}],"replies":[{"embeddable":true,"href":"https:\/\/aliceartworld.ro\/ro\/wp-json\/wp\/v2\/comments?post=10135"}],"wp:featuredmedia":[{"embeddable":true,"href":"https:\/\/aliceartworld.ro\/ro\/wp-json\/wp\/v2\/media\/10270"}],"wp:attachment":[{"href":"https:\/\/aliceartworld.ro\/ro\/wp-json\/wp\/v2\/media?parent=10135"}],"wp:term":[{"taxonomy":"product_brand","embeddable":true,"href":"https:\/\/aliceartworld.ro\/ro\/wp-json\/wp\/v2\/product_brand?post=10135"},{"taxonomy":"product_cat","embeddable":true,"href":"https:\/\/aliceartworld.ro\/ro\/wp-json\/wp\/v2\/product_cat?post=10135"},{"taxonomy":"product_tag","embeddable":true,"href":"https:\/\/aliceartworld.ro\/ro\/wp-json\/wp\/v2\/product_tag?post=10135"}],"curies":[{"name":"wp","href":"https:\/\/api.w.org\/{rel}","templated":true}]}}