{"id":10292,"date":"2026-04-28T11:00:59","date_gmt":"2026-04-28T11:00:59","guid":{"rendered":"https:\/\/aliceartworld.ro\/?post_type=product&#038;p=10292"},"modified":"2026-05-01T07:38:55","modified_gmt":"2026-05-01T07:38:55","slug":"wings-oversized-tshirt","status":"publish","type":"product","link":"https:\/\/aliceartworld.ro\/ro\/produs\/wings-oversized-tshirt\/","title":{"rendered":"Tricou supradimensionat Wings"},"content":{"rendered":"<p data-start=\"404\" data-end=\"598\">Acest tricou oversized este o reinterpretare poetic\u0103 a unui obiect ritualic din cultura tradi\u021bional\u0103 rom\u00e2neasc\u0103 \u2014 furca de tors \u00eenaripat\u0103, un simbol al echilibrului, protec\u021biei \u0219i leg\u0103turii dintre lumi.<\/p>\n<p data-start=\"600\" data-end=\"908\">Motivul central, desenat manual \u0219i transpus \u00eentr-o delicat\u0103 linie monocrom\u0103, p\u0103streaz\u0103 geometria sacr\u0103 \u0219i ornamenta\u021bia ritmic\u0103 a sculpturilor tradi\u021bionale \u00een lemn. Ro\u021bi solare, un ax vertical \u0219i aripi simetrice se contopesc pentru a forma o structur\u0103 arhetipal\u0103 \u2014 o interpretare modern\u0103 a axei mundi.<\/p>\n<p data-start=\"910\" data-end=\"1164\">Realizat din bumbac moale, \u00eentr-o nuan\u021b\u0103 natural\u0103, tricoul are o siluet\u0103 supradimensionat\u0103 care ofer\u0103 libertate, fluiditate \u0219i o estetic\u0103 rafinat\u0103, f\u0103r\u0103 efort. Printul ro\u0219u, cald, evoc\u0103 pigmente tradi\u021bionale \u0219i poart\u0103 energia vital\u0103 a simbolurilor antice.<\/p>\n<p data-start=\"1166\" data-end=\"1347\" data-is-last-node=\"\" data-is-only-node=\"\">\u00cen fa\u021b\u0103, o marc\u0103 subtil\u0103 \u2014 sigiliul ALICE \u2014 ancoreaz\u0103 piesa \u00een universul artistic al brandului, \u00een timp ce spatele devine o p\u00e2nz\u0103 narativ\u0103, unde se desf\u0103\u0219oar\u0103 \u00eentreaga poveste.<\/p>\n<p data-start=\"1166\" data-end=\"1347\" data-is-last-node=\"\" data-is-only-node=\"\"><a href=\"https:\/\/aliceartworld.ro\/wp-content\/uploads\/2026\/04\/Screenshot-2026-04-28-at-12.06.29.png\"><img loading=\"lazy\" decoding=\"async\" class=\"size-medium wp-image-10349 alignleft\" src=\"https:\/\/aliceartworld.ro\/wp-content\/uploads\/2026\/04\/Screenshot-2026-04-28-at-12.06.29-300x123.png\" alt=\"\" width=\"300\" height=\"123\" srcset=\"https:\/\/aliceartworld.ro\/wp-content\/uploads\/2026\/04\/Screenshot-2026-04-28-at-12.06.29-300x123.png 300w, https:\/\/aliceartworld.ro\/wp-content\/uploads\/2026\/04\/Screenshot-2026-04-28-at-12.06.29-18x7.png 18w, https:\/\/aliceartworld.ro\/wp-content\/uploads\/2026\/04\/Screenshot-2026-04-28-at-12.06.29-150x62.png 150w, https:\/\/aliceartworld.ro\/wp-content\/uploads\/2026\/04\/Screenshot-2026-04-28-at-12.06.29-600x246.png 600w, https:\/\/aliceartworld.ro\/wp-content\/uploads\/2026\/04\/Screenshot-2026-04-28-at-12.06.29.png 736w\" sizes=\"auto, (max-width: 300px) 100vw, 300px\" \/><\/a><\/p>","protected":false},"excerpt":{"rendered":"<p data-start=\"120\" data-end=\"373\">Tricou supradimensionat din bumbac, \u00eentr-o nuan\u021b\u0103 natural\u0103 cald\u0103, cu un imprimeu cu aripi pe spate, inspirat de fusul \u00eenaripat tradi\u021bional. Designul reinterpreteaz\u0103 sculpturile ancestrale \u00een lemn \u00eentr-o pies\u0103 contemporan\u0103, purtabil\u0103 \u2013 o punte \u00eentre mo\u0219tenire \u0219i expresie modern\u0103.<\/p>\n<p data-start=\"120\" data-end=\"373\">Produs la comand\u0103 \u2014 v\u0103 rug\u0103m s\u0103 permite\u021bi 3 zile pentru produc\u021bie.<\/p>","protected":false},"featured_media":10337,"comment_status":"open","ping_status":"closed","template":"","meta":[],"product_brand":[],"product_cat":[80,106,87],"product_tag":[],"class_list":{"0":"post-10292","1":"product","2":"type-product","3":"status-publish","4":"has-post-thumbnail","6":"product_cat-designs","7":"product_cat-new-designs","8":"product_cat-t-shirts","10":"first","11":"instock","12":"shipping-taxable","13":"purchasable","14":"product-type-variable"},"_links":{"self":[{"href":"https:\/\/aliceartworld.ro\/ro\/wp-json\/wp\/v2\/product\/10292","targetHints":{"allow":["GET"]}}],"collection":[{"href":"https:\/\/aliceartworld.ro\/ro\/wp-json\/wp\/v2\/product"}],"about":[{"href":"https:\/\/aliceartworld.ro\/ro\/wp-json\/wp\/v2\/types\/product"}],"replies":[{"embeddable":true,"href":"https:\/\/aliceartworld.ro\/ro\/wp-json\/wp\/v2\/comments?post=10292"}],"wp:featuredmedia":[{"embeddable":true,"href":"https:\/\/aliceartworld.ro\/ro\/wp-json\/wp\/v2\/media\/10337"}],"wp:attachment":[{"href":"https:\/\/aliceartworld.ro\/ro\/wp-json\/wp\/v2\/media?parent=10292"}],"wp:term":[{"taxonomy":"product_brand","embeddable":true,"href":"https:\/\/aliceartworld.ro\/ro\/wp-json\/wp\/v2\/product_brand?post=10292"},{"taxonomy":"product_cat","embeddable":true,"href":"https:\/\/aliceartworld.ro\/ro\/wp-json\/wp\/v2\/product_cat?post=10292"},{"taxonomy":"product_tag","embeddable":true,"href":"https:\/\/aliceartworld.ro\/ro\/wp-json\/wp\/v2\/product_tag?post=10292"}],"curies":[{"name":"wp","href":"https:\/\/api.w.org\/{rel}","templated":true}]}}