{"id":10350,"date":"2026-04-28T09:12:38","date_gmt":"2026-04-28T09:12:38","guid":{"rendered":"https:\/\/aliceartworld.ro\/?post_type=product&#038;p=10350"},"modified":"2026-04-28T11:38:54","modified_gmt":"2026-04-28T11:38:54","slug":"prisnel-oversized-t-shirt","status":"publish","type":"product","link":"https:\/\/aliceartworld.ro\/ro\/produs\/prisnel-oversized-t-shirt\/","title":{"rendered":"Tricou supradimensionat Prisnel"},"content":{"rendered":"<p class=\"font-claude-response-body break-words whitespace-normal leading-[1.7]\">Dou\u0103 discuri sculptate. Exact unde te-ai a\u0219tepta. Exact unde nu te-ai a\u0219tepta.<\/p>\n<p class=\"font-claude-response-body break-words whitespace-normal leading-[1.7]\">Desenat cu o linie ro\u0219ie cald\u0103 pe bumbac alb imaculat, imprimeul preia una dintre cele mai vechi forme decorative din Rom\u00e2nia \u2014 <strong>prisnelul<\/strong>, mica pies\u0103 de lemn rotund\u0103, decorat\u0103 cu simboluri solare \u0219i geometrii radiante, \u0219i se joac\u0103 cu formele pentru a crea un print fun, modern.<\/p>\n<p class=\"font-claude-response-body break-words whitespace-normal leading-[1.7]\">Tradi\u021bional, dar cool. Tricou oversized, relaxat las\u0103 imprimeul s\u0103 vorbeasc\u0103 de la sine.<\/p>\n<p><a href=\"https:\/\/aliceartworld.ro\/wp-content\/uploads\/2026\/04\/Screenshot-2026-04-28-at-12.06.29.png\"><img loading=\"lazy\" decoding=\"async\" class=\"size-medium wp-image-10349 alignleft\" src=\"https:\/\/aliceartworld.ro\/wp-content\/uploads\/2026\/04\/Screenshot-2026-04-28-at-12.06.29-300x123.png\" alt=\"\" width=\"300\" height=\"123\" srcset=\"https:\/\/aliceartworld.ro\/wp-content\/uploads\/2026\/04\/Screenshot-2026-04-28-at-12.06.29-300x123.png 300w, https:\/\/aliceartworld.ro\/wp-content\/uploads\/2026\/04\/Screenshot-2026-04-28-at-12.06.29-18x7.png 18w, https:\/\/aliceartworld.ro\/wp-content\/uploads\/2026\/04\/Screenshot-2026-04-28-at-12.06.29-150x62.png 150w, https:\/\/aliceartworld.ro\/wp-content\/uploads\/2026\/04\/Screenshot-2026-04-28-at-12.06.29-600x246.png 600w, https:\/\/aliceartworld.ro\/wp-content\/uploads\/2026\/04\/Screenshot-2026-04-28-at-12.06.29.png 736w\" sizes=\"auto, (max-width: 300px) 100vw, 300px\" \/><\/a><\/p>","protected":false},"excerpt":{"rendered":"<p class=\"font-claude-response-body break-words whitespace-normal leading-[1.7]\">Tricou supradimensionat din bumbac alb, cu dou\u0103 <em>prisnele<\/em> \u2014 discuri tradi\u021bionale din lemn sculptat \u2014 imprimate \u00een linie ro\u0219ie cald\u0103, plasate pe fa\u021b\u0103. O reinterpretare juc\u0103u\u0219\u0103 a ornamentului ancestral de sculptur\u0103 \u00een lemn, \u00een cel mai evident loc posibil.<\/p>\n<p class=\"font-claude-response-body break-words whitespace-normal leading-[1.7]\">Produs la comand\u0103 \u2014 v\u0103 rug\u0103m s\u0103 permite\u021bi 3 zile pentru produc\u021bie.<\/p>","protected":false},"featured_media":10351,"comment_status":"open","ping_status":"closed","template":"","meta":[],"product_brand":[],"product_cat":[80,106,87],"product_tag":[],"class_list":{"0":"post-10350","1":"product","2":"type-product","3":"status-publish","4":"has-post-thumbnail","6":"product_cat-designs","7":"product_cat-new-designs","8":"product_cat-t-shirts","10":"first","11":"instock","12":"shipping-taxable","13":"purchasable","14":"product-type-simple"},"_links":{"self":[{"href":"https:\/\/aliceartworld.ro\/ro\/wp-json\/wp\/v2\/product\/10350","targetHints":{"allow":["GET"]}}],"collection":[{"href":"https:\/\/aliceartworld.ro\/ro\/wp-json\/wp\/v2\/product"}],"about":[{"href":"https:\/\/aliceartworld.ro\/ro\/wp-json\/wp\/v2\/types\/product"}],"replies":[{"embeddable":true,"href":"https:\/\/aliceartworld.ro\/ro\/wp-json\/wp\/v2\/comments?post=10350"}],"wp:featuredmedia":[{"embeddable":true,"href":"https:\/\/aliceartworld.ro\/ro\/wp-json\/wp\/v2\/media\/10351"}],"wp:attachment":[{"href":"https:\/\/aliceartworld.ro\/ro\/wp-json\/wp\/v2\/media?parent=10350"}],"wp:term":[{"taxonomy":"product_brand","embeddable":true,"href":"https:\/\/aliceartworld.ro\/ro\/wp-json\/wp\/v2\/product_brand?post=10350"},{"taxonomy":"product_cat","embeddable":true,"href":"https:\/\/aliceartworld.ro\/ro\/wp-json\/wp\/v2\/product_cat?post=10350"},{"taxonomy":"product_tag","embeddable":true,"href":"https:\/\/aliceartworld.ro\/ro\/wp-json\/wp\/v2\/product_tag?post=10350"}],"curies":[{"name":"wp","href":"https:\/\/api.w.org\/{rel}","templated":true}]}}