{"id":9046,"date":"2025-10-27T07:19:04","date_gmt":"2025-10-27T07:19:04","guid":{"rendered":"https:\/\/aliceartworld.ro\/?post_type=product&#038;p=9046"},"modified":"2025-11-10T14:42:05","modified_gmt":"2025-11-10T14:42:05","slug":"pink-memories-50x70cm-framed","status":"publish","type":"product","link":"https:\/\/aliceartworld.ro\/ro\/produs\/pink-memories-50x70cm-framed\/","title":{"rendered":"Pictur\u0103 \u00eenr\u0103mat\u0103 Pink Memories 50x70cm"},"content":{"rendered":"<p>Nuan\u021be delicate de roz pal \u00een contrast cu negrul \u0219i auriul puternic, vibrant.<\/p>\n<p>O stare de spirit, o gur\u0103 de culoare care adaug\u0103 valoare interiorului t\u0103u.<\/p>\n<p><a href=\"https:\/\/aliceartworld.ro\/ro\/how-to-style-large-art-in-your-space\/\">Descoperi\u021bi aici cum a fost integrat \u00eentr-un dormitor luminos \u0219i modern.<\/a><\/p>","protected":false},"excerpt":{"rendered":"<p>D\u0103 via\u021b\u0103 peretelui t\u0103u cu aceast\u0103 lucrare de art\u0103 original\u0103 \u0219i plin\u0103 de semnifica\u021bie.<\/p>\n<p>Nicio pictur\u0103 creat\u0103 nu este vreodat\u0103 la fel ca alta.<\/p>\n<p>Materiale: acrilice pe p\u00e2nz\u0103<\/p>\n<p>Dimensiune: 50x70cm<\/p>\n<p>\u00cenramat \u00eentr-o ram\u0103 de tip float frame, realizat\u0103 manual din lemn pre\u021bios de stejar.<\/p>","protected":false},"featured_media":9076,"comment_status":"open","ping_status":"closed","template":"","meta":[],"product_brand":[],"product_cat":[54,55,104],"product_tag":[],"class_list":{"0":"post-9046","1":"product","2":"type-product","3":"status-publish","4":"has-post-thumbnail","6":"product_cat-all-art","7":"product_cat-new-art","8":"product_cat-unique","10":"first","11":"instock","12":"shipping-taxable","13":"purchasable","14":"product-type-simple"},"_links":{"self":[{"href":"https:\/\/aliceartworld.ro\/ro\/wp-json\/wp\/v2\/product\/9046","targetHints":{"allow":["GET"]}}],"collection":[{"href":"https:\/\/aliceartworld.ro\/ro\/wp-json\/wp\/v2\/product"}],"about":[{"href":"https:\/\/aliceartworld.ro\/ro\/wp-json\/wp\/v2\/types\/product"}],"replies":[{"embeddable":true,"href":"https:\/\/aliceartworld.ro\/ro\/wp-json\/wp\/v2\/comments?post=9046"}],"wp:featuredmedia":[{"embeddable":true,"href":"https:\/\/aliceartworld.ro\/ro\/wp-json\/wp\/v2\/media\/9076"}],"wp:attachment":[{"href":"https:\/\/aliceartworld.ro\/ro\/wp-json\/wp\/v2\/media?parent=9046"}],"wp:term":[{"taxonomy":"product_brand","embeddable":true,"href":"https:\/\/aliceartworld.ro\/ro\/wp-json\/wp\/v2\/product_brand?post=9046"},{"taxonomy":"product_cat","embeddable":true,"href":"https:\/\/aliceartworld.ro\/ro\/wp-json\/wp\/v2\/product_cat?post=9046"},{"taxonomy":"product_tag","embeddable":true,"href":"https:\/\/aliceartworld.ro\/ro\/wp-json\/wp\/v2\/product_tag?post=9046"}],"curies":[{"name":"wp","href":"https:\/\/api.w.org\/{rel}","templated":true}]}}