{"id":9050,"date":"2025-10-27T07:19:05","date_gmt":"2025-10-27T07:19:05","guid":{"rendered":"https:\/\/aliceartworld.ro\/?post_type=product&#038;p=9050"},"modified":"2025-11-10T14:39:47","modified_gmt":"2025-11-10T14:39:47","slug":"mini-original-looking-for-the-summer","status":"publish","type":"product","link":"https:\/\/aliceartworld.ro\/ro\/produs\/mini-original-looking-for-the-summer\/","title":{"rendered":"Pictur\u0103 Mini Looking for the Summer"},"content":{"rendered":"<p>D\u0103 un plus de personalitate interiorului t\u0103u cu lucr\u0103ri de art\u0103 original\u0103 de mici dimensiuni. Sunt acel detaliu final care aduce totul la via\u021b\u0103 \u2013 accesibile, unice \u0219i pictate cu grij\u0103 de Alice.<\/p>\n<p><em>Se livreaz\u0103 f\u0103r\u0103 ram\u0103.<\/em><\/p>","protected":false},"excerpt":{"rendered":"<div class=\"woocommerce-product-details__short-description\">\n<p class=\"p1\"><i>Acrilice pe p\u00e2nz\u0103, 17\u00d723,5 cm<\/i><\/p>\n<p class=\"p1\">O lucrare original\u0103, ultra feminin\u0103, creat\u0103 de Alice.<\/p>\n<\/div>\n<div class=\"product_meta\"><\/div>","protected":false},"featured_media":9100,"comment_status":"open","ping_status":"closed","template":"","meta":[],"product_brand":[],"product_cat":[54,56,104],"product_tag":[],"class_list":{"0":"post-9050","1":"product","2":"type-product","3":"status-publish","4":"has-post-thumbnail","6":"product_cat-all-art","7":"product_cat-small-originals","8":"product_cat-unique","10":"first","11":"outofstock","12":"shipping-taxable","13":"purchasable","14":"product-type-simple"},"_links":{"self":[{"href":"https:\/\/aliceartworld.ro\/ro\/wp-json\/wp\/v2\/product\/9050","targetHints":{"allow":["GET"]}}],"collection":[{"href":"https:\/\/aliceartworld.ro\/ro\/wp-json\/wp\/v2\/product"}],"about":[{"href":"https:\/\/aliceartworld.ro\/ro\/wp-json\/wp\/v2\/types\/product"}],"replies":[{"embeddable":true,"href":"https:\/\/aliceartworld.ro\/ro\/wp-json\/wp\/v2\/comments?post=9050"}],"wp:featuredmedia":[{"embeddable":true,"href":"https:\/\/aliceartworld.ro\/ro\/wp-json\/wp\/v2\/media\/9100"}],"wp:attachment":[{"href":"https:\/\/aliceartworld.ro\/ro\/wp-json\/wp\/v2\/media?parent=9050"}],"wp:term":[{"taxonomy":"product_brand","embeddable":true,"href":"https:\/\/aliceartworld.ro\/ro\/wp-json\/wp\/v2\/product_brand?post=9050"},{"taxonomy":"product_cat","embeddable":true,"href":"https:\/\/aliceartworld.ro\/ro\/wp-json\/wp\/v2\/product_cat?post=9050"},{"taxonomy":"product_tag","embeddable":true,"href":"https:\/\/aliceartworld.ro\/ro\/wp-json\/wp\/v2\/product_tag?post=9050"}],"curies":[{"name":"wp","href":"https:\/\/api.w.org\/{rel}","templated":true}]}}