{"id":9053,"date":"2025-10-27T07:19:05","date_gmt":"2025-10-27T07:19:05","guid":{"rendered":"https:\/\/aliceartworld.ro\/?post_type=product&#038;p=9053"},"modified":"2025-11-10T14:41:37","modified_gmt":"2025-11-10T14:41:37","slug":"upside-up-diptych-40x60cm-love","status":"publish","type":"product","link":"https:\/\/aliceartworld.ro\/ro\/produs\/upside-up-diptych-40x60cm-love\/","title":{"rendered":"Diptic Upside Up 40x60cm"},"content":{"rendered":"<p>Un diptic feminin \u0219i puternic. Unul nu poate exista f\u0103r\u0103 cel\u0103lalt, opu\u0219ii ancestrali care reprezint\u0103 felul lumii, sui\u0219urile \u0219i cobor\u00e2\u0219urile naturii ondulatorii a vie\u021bii, \u00een interior \u0219i \u00een exterior.<\/p>\n<p>\u00a0<\/p>","protected":false},"excerpt":{"rendered":"<p>Am asortat dou\u0103 lucr\u0103ri de art\u0103 pentru tine \u2013 perfecte at\u00e2t pentru a fi oferite cadou, c\u00e2t \u0219i pentru a le p\u0103stra!<\/p>\n<p>Picturile sunt \u00eenr\u0103mate \u00een dou\u0103 rame fine din stejar, realizate manual, de tip float frame.<\/p>\n<p>D\u0103 via\u021b\u0103 peretelui t\u0103u cu aceast\u0103 lucrare de art\u0103 original\u0103 \u0219i plin\u0103 de semnifica\u021bie.<\/p>\n<p>Nicio pictur\u0103 creat\u0103 nu este vreodat\u0103 la fel ca alta.<\/p>\n<p>Materiale: acrilice pe p\u00e2nz\u0103<\/p>","protected":false},"featured_media":9802,"comment_status":"open","ping_status":"closed","template":"","meta":[],"product_brand":[],"product_cat":[54,58,104],"product_tag":[],"class_list":{"0":"post-9053","1":"product","2":"type-product","3":"status-publish","4":"has-post-thumbnail","6":"product_cat-all-art","7":"product_cat-twin-art","8":"product_cat-unique","10":"first","11":"instock","12":"shipping-taxable","13":"purchasable","14":"product-type-simple"},"_links":{"self":[{"href":"https:\/\/aliceartworld.ro\/ro\/wp-json\/wp\/v2\/product\/9053","targetHints":{"allow":["GET"]}}],"collection":[{"href":"https:\/\/aliceartworld.ro\/ro\/wp-json\/wp\/v2\/product"}],"about":[{"href":"https:\/\/aliceartworld.ro\/ro\/wp-json\/wp\/v2\/types\/product"}],"replies":[{"embeddable":true,"href":"https:\/\/aliceartworld.ro\/ro\/wp-json\/wp\/v2\/comments?post=9053"}],"wp:featuredmedia":[{"embeddable":true,"href":"https:\/\/aliceartworld.ro\/ro\/wp-json\/wp\/v2\/media\/9802"}],"wp:attachment":[{"href":"https:\/\/aliceartworld.ro\/ro\/wp-json\/wp\/v2\/media?parent=9053"}],"wp:term":[{"taxonomy":"product_brand","embeddable":true,"href":"https:\/\/aliceartworld.ro\/ro\/wp-json\/wp\/v2\/product_brand?post=9053"},{"taxonomy":"product_cat","embeddable":true,"href":"https:\/\/aliceartworld.ro\/ro\/wp-json\/wp\/v2\/product_cat?post=9053"},{"taxonomy":"product_tag","embeddable":true,"href":"https:\/\/aliceartworld.ro\/ro\/wp-json\/wp\/v2\/product_tag?post=9053"}],"curies":[{"name":"wp","href":"https:\/\/api.w.org\/{rel}","templated":true}]}}