{"id":9054,"date":"2025-10-27T07:19:05","date_gmt":"2025-10-27T07:19:05","guid":{"rendered":"https:\/\/aliceartworld.ro\/?post_type=product&#038;p=9054"},"modified":"2025-11-10T14:40:43","modified_gmt":"2025-11-10T14:40:43","slug":"sweet-above-diptych-30x30cm","status":"publish","type":"product","link":"https:\/\/aliceartworld.ro\/ro\/produs\/sweet-above-diptych-30x30cm\/","title":{"rendered":"Sweet Above Diptych 30x30cm"},"content":{"rendered":"<p>Un diptic format din dou\u0103 p\u00e2nze negre pictate \u00een nuan\u021be delicate de roz \u0219i accente de portocaliu neon.<\/p>\n<p><em>Se livreaz\u0103 f\u0103r\u0103 ram\u0103.<\/em><\/p>","protected":false},"excerpt":{"rendered":"<p>Am asortat dou\u0103 lucr\u0103ri de art\u0103 pentru tine \u2013 perfecte at\u00e2t pentru a fi oferite cadou, c\u00e2t \u0219i pentru a le p\u0103stra!<\/p>\n<p>D\u0103 via\u021b\u0103 peretelui t\u0103u cu aceast\u0103 lucrare de art\u0103 original\u0103 \u0219i plin\u0103 de semnifica\u021bie. Nicio pictur\u0103 creat\u0103 nu este vreodat\u0103 la fel ca alta.<\/p>\n<p>Materiale: acrilice pe p\u00e2nz\u0103 neagr\u0103<\/p>\n<p>Dimensiunea fiec\u0103rei picturi: 30x30cm<\/p>\n<p>Se livreaz\u0103 f\u0103r\u0103 ram\u0103 \u2013 contacteaz\u0103-ne dac\u0103 dore\u0219ti s\u0103 o \u00eenr\u0103m\u0103m personalizat.<\/p>\n<p>&nbsp;<\/p>","protected":false},"featured_media":9122,"comment_status":"open","ping_status":"closed","template":"","meta":[],"product_brand":[],"product_cat":[54,55,58,104],"product_tag":[],"class_list":{"0":"post-9054","1":"product","2":"type-product","3":"status-publish","4":"has-post-thumbnail","6":"product_cat-all-art","7":"product_cat-new-art","8":"product_cat-twin-art","9":"product_cat-unique","11":"first","12":"instock","13":"shipping-taxable","14":"purchasable","15":"product-type-simple"},"_links":{"self":[{"href":"https:\/\/aliceartworld.ro\/ro\/wp-json\/wp\/v2\/product\/9054","targetHints":{"allow":["GET"]}}],"collection":[{"href":"https:\/\/aliceartworld.ro\/ro\/wp-json\/wp\/v2\/product"}],"about":[{"href":"https:\/\/aliceartworld.ro\/ro\/wp-json\/wp\/v2\/types\/product"}],"replies":[{"embeddable":true,"href":"https:\/\/aliceartworld.ro\/ro\/wp-json\/wp\/v2\/comments?post=9054"}],"wp:featuredmedia":[{"embeddable":true,"href":"https:\/\/aliceartworld.ro\/ro\/wp-json\/wp\/v2\/media\/9122"}],"wp:attachment":[{"href":"https:\/\/aliceartworld.ro\/ro\/wp-json\/wp\/v2\/media?parent=9054"}],"wp:term":[{"taxonomy":"product_brand","embeddable":true,"href":"https:\/\/aliceartworld.ro\/ro\/wp-json\/wp\/v2\/product_brand?post=9054"},{"taxonomy":"product_cat","embeddable":true,"href":"https:\/\/aliceartworld.ro\/ro\/wp-json\/wp\/v2\/product_cat?post=9054"},{"taxonomy":"product_tag","embeddable":true,"href":"https:\/\/aliceartworld.ro\/ro\/wp-json\/wp\/v2\/product_tag?post=9054"}],"curies":[{"name":"wp","href":"https:\/\/api.w.org\/{rel}","templated":true}]}}