{"id":9061,"date":"2025-10-27T07:19:06","date_gmt":"2025-10-27T07:19:06","guid":{"rendered":"https:\/\/aliceartworld.ro\/?post_type=product&#038;p=9061"},"modified":"2025-11-10T14:31:33","modified_gmt":"2025-11-10T14:31:33","slug":"juni-large-abstract-painting","status":"publish","type":"product","link":"https:\/\/aliceartworld.ro\/ro\/produs\/juni-large-abstract-painting\/","title":{"rendered":"Pictura abstract\u0103 de mari dimensiuni Juni 160x100 cm"},"content":{"rendered":"<div class=\"page\" title=\"Pagina 2\">\n<div class=\"section\">\n<div class=\"layoutArea\">\n<div class=\"column\">\n<p>Tabloul Juni-<\/p>\n<p>Tradi\u021bia <strong>obiceiurilor de iarn\u0103 din S\u0103li\u0219te<\/strong> reprezint\u0103 o fascinant\u0103 fereastr\u0103 c\u0103tre mo\u0219tenirea rom\u00e2neasc\u0103. \u00cen fiecare an, pe 6 decembrie, tinerii satului, cunoscu\u021bi drept \u201ejuni\u201d, se adunau \u00een casa unui gazd\u0103 pentru a alege un conduc\u0103tor (\u201ejude\u201d) \u0219i 12 colind\u0103tori. Ace\u0219ti tineri organizau evenimente festive, colinde \u0219i jocuri, momente esen\u021biale \u00een via\u021ba satului \u2014 mai ales pentru formarea viitoarelor c\u0103s\u0103torii. Ini\u021bierea \u00een r\u00e2ndul \u201ejunilor\u201d era un profund ritual de trecere, marc\u00e2nd transformarea din b\u0103iat \u00een b\u0103rbat.<\/p>\n<p>Colindele <strong>\u201ejunilor\u201d<\/strong>, c\u00e2ntate polifonic, celebrau teme precum \u00een\u021belepciunea gazdei, frumuse\u021bea fetelor tinere, curajul fl\u0103c\u0103ilor \u0219i logodnele de basm. Aceste c\u00e2ntece \u00eempleteau povestiri idilice \u0219i epice, oferind o bogat\u0103 \u021bes\u0103tur\u0103 cultural\u0103 a vie\u021bii spirituale rom\u00e2ne\u0219ti.<\/p>\n<p>Aceast\u0103 pictur\u0103 face parte dintr-o <a href=\"https:\/\/aliceartworld.ro\/ro\/categorie-produs\/all-art\/the-calendar-art-collection\/\">colec\u021bie de 14 lucr\u0103ri<\/a> care ilustreaz\u0103 cele mai importante s\u0103rb\u0103tori ale anului pastoral rom\u00e2nesc, inspirate din tradi\u021biile, mitologia \u0219i cultura <strong>M\u0103rginimii Sibiului<\/strong>, una dintre cele mai autentice regiuni ale Rom\u00e2niei. Aceste lucr\u0103ri sunt realizate \u00een ordine cronologic\u0103, de\u0219i nu sunt neap\u0103rat prezentate \u00een aceast\u0103 ordine aici.<\/p>\n<p>Anul s\u0103rb\u0103torilor locale din <strong>M\u0103rginimii Sibiului<\/strong> reflect\u0103 trei straturi culturale:<\/p>\n<ol>\n<li>O religie ancestral\u0103, prezent\u0103 ast\u0103zi doar \u00een fragmente.<\/li>\n<li>Un strat intermediar, \u00eenr\u0103d\u0103cinat \u00een cultul solar \u0219i \u00een cultul mithraic.<\/li>\n<li>Stratul cre\u0219tin, \u00een care liderii cre\u0219tini timpurii au adaptat s\u0103rb\u0103tori existente (de exemplu, Solsti\u021biul de iarn\u0103 a devenit Cr\u0103ciunul, iar ziua unui zeu trac al tunetului a devenit s\u0103rb\u0103toarea Sf\u00e2ntului Ilie).<\/li>\n<\/ol>\n<p>Pentru mai multe perspective asupra bog\u0103\u021biei culturale a Rom\u00e2niei, exploreaz\u0103 <a href=\"https:\/\/aliceartworld.ro\/ro\/categorie-produs\/all-art\/the-calendar-art-collection\/\">colec\u021bia noastr\u0103 de picturi cu tematic\u0103 tradi\u021bional\u0103<\/a> sau cite\u0219te despre <a href=\"https:\/\/www.romaniajournal.ro\/travel\/ancient-traditions-breathtaking-landscapes-make-this-region-the-queen-of-the-romanian-rural-tourism-destinations\/\">tradi\u021biile M\u0103rginimii Sibiului<\/a> pentru a-\u021bi aprofunda aprecierea fa\u021b\u0103 de aceast\u0103 mo\u0219tenire plin\u0103 de vitalitate.<\/p>\n<\/div>\n<\/div>\n<\/div>\n<\/div>","protected":false},"excerpt":{"rendered":"<p><strong>Tabloul Juni<\/strong> este o reprezentare vibrant\u0103 a obiceiurilor din S\u0103li\u0219te, care eviden\u021biaz\u0103 bogata mo\u0219tenire a colind\u0103torilor \u201ejuni\u201d. O celebrare atemporal\u0103 a culturii \u0219i tradi\u021biei, perfect\u0103 pentru spa\u021biul t\u0103u.<\/p>\n<h5>Tablou selectat de c\u0103tre SAATCHI \u00eentr-o colec\u021bie digital\u0103-<\/h5>\n<p><a href=\"https:\/\/www.saatchiart.com\/en-ro\/art-collection\/New-This-Week-11-20-2023\/153961\/770707\/view\"><img loading=\"lazy\" decoding=\"async\" class=\"alignnone size-full wp-image-6709\" src=\"https:\/\/aliceartworld.ro\/wp-content\/uploads\/2025\/01\/sa-logo-copy-300x47-1.png\" alt=\"\" width=\"300\" height=\"47\" \/><\/a><\/p>\n<ul>\n<li><i>Acrilice pe p\u00e2nz\u0103, 100\u00d7160 cm<\/i><\/li>\n<li><em>\u00a0Pentru toate expedierile interna\u021bionale, tablourile Calendar pot fi expediate numai rulate.<\/em><\/li>\n<\/ul>","protected":false},"featured_media":9165,"comment_status":"open","ping_status":"closed","template":"","meta":[],"product_brand":[],"product_cat":[54,78],"product_tag":[],"class_list":{"0":"post-9061","1":"product","2":"type-product","3":"status-publish","4":"has-post-thumbnail","6":"product_cat-all-art","7":"product_cat-the-calendar-art-collection","9":"first","10":"instock","11":"shipping-taxable","12":"purchasable","13":"product-type-simple"},"_links":{"self":[{"href":"https:\/\/aliceartworld.ro\/ro\/wp-json\/wp\/v2\/product\/9061","targetHints":{"allow":["GET"]}}],"collection":[{"href":"https:\/\/aliceartworld.ro\/ro\/wp-json\/wp\/v2\/product"}],"about":[{"href":"https:\/\/aliceartworld.ro\/ro\/wp-json\/wp\/v2\/types\/product"}],"replies":[{"embeddable":true,"href":"https:\/\/aliceartworld.ro\/ro\/wp-json\/wp\/v2\/comments?post=9061"}],"wp:featuredmedia":[{"embeddable":true,"href":"https:\/\/aliceartworld.ro\/ro\/wp-json\/wp\/v2\/media\/9165"}],"wp:attachment":[{"href":"https:\/\/aliceartworld.ro\/ro\/wp-json\/wp\/v2\/media?parent=9061"}],"wp:term":[{"taxonomy":"product_brand","embeddable":true,"href":"https:\/\/aliceartworld.ro\/ro\/wp-json\/wp\/v2\/product_brand?post=9061"},{"taxonomy":"product_cat","embeddable":true,"href":"https:\/\/aliceartworld.ro\/ro\/wp-json\/wp\/v2\/product_cat?post=9061"},{"taxonomy":"product_tag","embeddable":true,"href":"https:\/\/aliceartworld.ro\/ro\/wp-json\/wp\/v2\/product_tag?post=9061"}],"curies":[{"name":"wp","href":"https:\/\/api.w.org\/{rel}","templated":true}]}}