{"id":9062,"date":"2025-10-27T07:19:06","date_gmt":"2025-10-27T07:19:06","guid":{"rendered":"https:\/\/aliceartworld.ro\/?post_type=product&#038;p=9062"},"modified":"2025-11-10T14:30:56","modified_gmt":"2025-11-10T14:30:56","slug":"ispas-large-abstract-painting","status":"publish","type":"product","link":"https:\/\/aliceartworld.ro\/ro\/produs\/ispas-large-abstract-painting\/","title":{"rendered":"Pictura abstract\u0103 de mari dimensiuni Ispas 160x100 cm"},"content":{"rendered":"<div class=\"page\" title=\"Pagina 2\">\n<div class=\"section\">\n<div class=\"layoutArea\">\n<div class=\"column\">\n<h3>Pictura abstract\u0103 de mari dimensiuni Ispas \u2013 un omagiu adus tradi\u021biilor din Sibiel<\/h3>\n<p>Tr\u0103ie\u0219te esen\u021ba vibrant\u0103 a tradi\u021biei unice de Ispas din Sibiel prin <strong>Tabloul Ispas<\/strong>tabloul Ispas. \u00cenr\u0103d\u0103cinat\u0103 \u00een inima M\u0103rginimii Sibiului, aceast\u0103 lucrare red\u0103 un obicei s\u0103rb\u0103torit de <strong>\u00cen\u0103l\u021barea Domnului<\/strong>, \u00eembin\u00e2nd credin\u021ba, cultura \u0219i ritualurile de prosperitate.<\/p>\n<p>\u00cen aceast\u0103 zi special\u0103, copiii, tinerii c\u0103l\u0103re\u021bi pe cai \u00eempodobi\u021bi \u0219i fetele \u00eembr\u0103cate \u00een straie de s\u0103rb\u0103toare se adun\u0103 \u00een jurul troi\u021belor din sat. Vocile lor se unesc \u00eentr-un c\u00e2ntec tradi\u021bional, unic satului:<\/p>\n<h5><em>\u201cSf\u00e2nt\u0103 Cruce, nu pleca<br \/>\nC\u0103 vin juni cu cai buni,<br \/>\n\u0218i fete mari cu cununi,<br \/>\n\u0218i preo\u021bi cu rug\u0103ciuni,<br \/>\n\u0218i b\u0103tr\u00e2nii cu funde.\u201d<\/em><\/h5>\n<p>Obiceiul celebreaz\u0103 <strong>pomenirea eroilor<\/strong>, <strong>binecuv\u00e2ntarea recoltelor<\/strong>\u0219i unitatea comunit\u0103\u021bii. Participan\u021bii poart\u0103 \u00een jurul taliei m\u0103nunchiuri sfin\u021bite de <strong>leu\u0219tean<\/strong> , despre care se crede c\u0103 aduc protec\u021bie \u0219i bel\u0219ug.<\/p>\n<h4>Parte dintr-o colec\u021bie unic\u0103<\/h4>\n<p>Colindele <strong>Tabloul Ispas<\/strong> face parte dintr-o serie de 14 lucr\u0103ri care ilustreaz\u0103 cele mai importante s\u0103rb\u0103tori ale anului pastoral rom\u00e2nesc. Inspirate din bogatele tradi\u021bii, cultura \u0219i mitologia M\u0103rginimii Sibiului, acesta reflect\u0103 multitudinea straturilor culturale ale acestei bogate zone rom\u00e2ne\u0219ti:<\/p>\n<ol>\n<li><strong>Religie ancestral\u0103<\/strong>: Ecouri reziduale ale credin\u021belor str\u0103vechi.<\/li>\n<li><strong>Influen\u021ba cultului solar<\/strong>Ritualuri legate de evenimentele cere\u0219ti.<\/li>\n<li><strong>Tradi\u021bii cre\u0219tine<\/strong>: Adapt\u0103ri moderne ale obiceiurilor istorice.<\/li>\n<\/ol>\n<h4>De ce s\u0103 alegi aceast\u0103 pictur\u0103?<\/h4>\n<ul>\n<li><strong>Profunzime cultural\u0103<\/strong>: Surprinde bogatul folclor al tradi\u021biei de Ispas din Sibiel.<\/li>\n<li><strong>Frumuse\u021bea etern\u0103<\/strong>: O lucrare remarcabil\u0103 care aduce istorie \u0219i semnifica\u021bie \u00een spa\u021biul t\u0103u.<\/li>\n<li><strong>Inspira\u021bia autentic\u0103<\/strong>: Creat\u0103 cu profund respect pentru mo\u0219tenirea rom\u00e2neasc\u0103.<\/li>\n<\/ul>\n<h4>Tablouri asem\u0103n\u0103toare<\/h4>\n<ul>\n<li style=\"list-style-type: none;\">\n<ul>\n<li><a href=\"https:\/\/aliceartworld.ro\/ro\/?product=hodaita-large-abstract-painting\">Tabloul Hodai\u021ba<\/a><\/li>\n<li><a href=\"https:\/\/aliceartworld.ro\/ro\/?product=lovers-large-abstract-painting\">Tabloul Lovers<\/a><\/li>\n<\/ul>\n<\/li>\n<\/ul>\n<h4>G\u00e2nduri de final<\/h4>\n<p>Colindele <strong>Tabloul Ispas<\/strong> \u00eemplete\u0219te cu m\u0103iestrie tradi\u021bia, spiritualitatea \u0219i expresia artistic\u0103. Adaug\u0103 aceast\u0103 lucrare plin\u0103 de profunzime cultural\u0103 \u00een colec\u021bia ta \u0219i adu spiritul vibrant al M\u0103rginimii Sibiului \u00een casa ta.<\/p>\n<\/div>\n<\/div>\n<\/div>\n<\/div>","protected":false},"excerpt":{"rendered":"<p>Colindele <strong>Tabloul Ispas<\/strong> s\u0103rb\u0103tore\u0219te tradi\u021bia vibrant\u0103 de \u00cen\u0103l\u021bare din M\u0103rginimea Sibiului. Aceast\u0103 oper\u0103 de art\u0103 unic\u0103 \u00eembin\u0103 mo\u0219tenirea cultural\u0103 \u0219i expresia artistic\u0103, perfect\u0103 pentru a \u00een\u0103l\u021ba orice spa\u021biu.<\/p>\n<ul>\n<li><i>Acrilice pe p\u00e2nz\u0103, 100\u00d7160 cm<\/i><\/li>\n<li class=\"p1\"><em>Pentru toate expedierile interna\u021bionale, tablourile Calendar pot fi expediate numai rulate.<\/em><\/li>\n<\/ul>\n<p>&nbsp;<\/p>","protected":false},"featured_media":9168,"comment_status":"open","ping_status":"closed","template":"","meta":[],"product_brand":[],"product_cat":[54,78],"product_tag":[],"class_list":{"0":"post-9062","1":"product","2":"type-product","3":"status-publish","4":"has-post-thumbnail","6":"product_cat-all-art","7":"product_cat-the-calendar-art-collection","9":"first","10":"instock","11":"shipping-taxable","12":"purchasable","13":"product-type-simple"},"_links":{"self":[{"href":"https:\/\/aliceartworld.ro\/ro\/wp-json\/wp\/v2\/product\/9062","targetHints":{"allow":["GET"]}}],"collection":[{"href":"https:\/\/aliceartworld.ro\/ro\/wp-json\/wp\/v2\/product"}],"about":[{"href":"https:\/\/aliceartworld.ro\/ro\/wp-json\/wp\/v2\/types\/product"}],"replies":[{"embeddable":true,"href":"https:\/\/aliceartworld.ro\/ro\/wp-json\/wp\/v2\/comments?post=9062"}],"wp:featuredmedia":[{"embeddable":true,"href":"https:\/\/aliceartworld.ro\/ro\/wp-json\/wp\/v2\/media\/9168"}],"wp:attachment":[{"href":"https:\/\/aliceartworld.ro\/ro\/wp-json\/wp\/v2\/media?parent=9062"}],"wp:term":[{"taxonomy":"product_brand","embeddable":true,"href":"https:\/\/aliceartworld.ro\/ro\/wp-json\/wp\/v2\/product_brand?post=9062"},{"taxonomy":"product_cat","embeddable":true,"href":"https:\/\/aliceartworld.ro\/ro\/wp-json\/wp\/v2\/product_cat?post=9062"},{"taxonomy":"product_tag","embeddable":true,"href":"https:\/\/aliceartworld.ro\/ro\/wp-json\/wp\/v2\/product_tag?post=9062"}],"curies":[{"name":"wp","href":"https:\/\/api.w.org\/{rel}","templated":true}]}}