{"id":9065,"date":"2025-10-27T07:19:07","date_gmt":"2025-10-27T07:19:07","guid":{"rendered":"https:\/\/aliceartworld.ro\/?post_type=product&#038;p=9065"},"modified":"2025-11-10T14:29:26","modified_gmt":"2025-11-10T14:29:26","slug":"pasti-large-abstract-painting","status":"publish","type":"product","link":"https:\/\/aliceartworld.ro\/ro\/produs\/pasti-large-abstract-painting\/","title":{"rendered":"Pictura abstract\u0103 de mari dimensiuni Pa\u0219ti 160x100 cm"},"content":{"rendered":"<div class=\"page\" title=\"Pagina 2\">\n<div class=\"section\">\n<div class=\"layoutArea\">\n<div class=\"column\">\n<p><strong>Tabloul Pa\u0219ti<\/strong> aduce un omagiu unei tradi\u021bii pascale unice din secolul al XIX-lea din Gale\u0219, un sat din M\u0103rginimea Sibiului. Aceast\u0103 tradi\u021bie, profund \u00eenr\u0103d\u0103cinat\u0103 \u00een credin\u021b\u0103 \u0219i mo\u0219tenire cultural\u0103, a ap\u0103rut \u00eentr-o perioad\u0103 \u00een care politicile habsburgice erau nefavorabile ortodoxiei rom\u00e2ne\u0219ti. Credincio\u0219ii din Gale\u0219 au c\u0103l\u0103torit la Ierusalim de Pa\u0219ti, inspira\u021bi de Morm\u00e2ntul Domnului, iar la \u00eentoarcere au recreat aceast\u0103 r\u00e2nduial\u0103 sacr\u0103, cunoscut\u0103 sub numele de Casa Domnului, \u00een biserica satului.<\/p>\n<p>Aceast\u0103 structur\u0103, afi\u0219at\u0103 din <strong>Vinerea Mare<\/strong> p\u00e2n\u0103 la <strong>\u00cen\u0103l\u021barea Domnului (Ispas)<\/strong> , era alc\u0103tuit\u0103 dintr-un cadru de lemn \u00eempodobit cu ramuri de brad, conceput s\u0103 semene cu o mic\u0103 chilie. Patru brazi mici marcau col\u021burile sale, iar \u00eentregul ansamblu era amplasat \u00een centrul bisericii, simboliz\u00e2nd profundul respect fa\u021b\u0103 de perioada sf\u00e2nt\u0103.<\/p>\n<p>Aceast\u0103 pictur\u0103 face parte din <strong>\u201eCalendarul\u201d<\/strong>Calendarul, o serie de 14 lucr\u0103ri care ilustreaz\u0103 cele mai importante s\u0103rb\u0103tori ale anului pastoral rom\u00e2nesc. Inspirate din bogatele tradi\u021bii, cultura \u0219i mitologia <strong>M\u0103rginimii Sibiului<\/strong>, aceste picturi surprind spiritul uneia dintre cele mai autentice regiuni ale Rom\u00e2niei.<\/p>\n<p>Straturile culturale reflectate \u00een aceste s\u0103rb\u0103tori includ:<\/p>\n<ul>\n<li><strong>Religia ancestral\u0103<\/strong>, p\u0103strat\u0103 \u00een fragmente.<\/li>\n<li><strong>Cultul solar<\/strong>, mo\u0219tenit din cultul mithraic.<\/li>\n<li><strong>Tradi\u021biile cre\u0219tine<\/strong>, \u00een care cre\u0219tinismul timpuriu a adaptat s\u0103rb\u0103torile p\u0103g\u00e2ne (de exemplu, \u00eenlocuirea Solsti\u021biului de iarn\u0103 cu Cr\u0103ciunul sau asocierea s\u0103rb\u0103torii unui zeu trac al tunetului cu Sf\u00e2ntul Ilie).<\/li>\n<\/ul>\n<p>Descoper\u0103 mai mult din <a href=\"https:\/\/aliceartworld.ro\/ro\/?product_cat=the-calendar-art-collection\">colec\u021bia noastr\u0103 \u201eCalendarul\u201d<\/a> sau exploreaz\u0103 <a href=\"https:\/\/www.romaniajournal.ro\/travel\/ancient-traditions-breathtaking-landscapes-make-this-region-the-queen-of-the-romanian-rural-tourism-destinations\/\">tradi\u021biile M\u0103rginimii Sibiului<\/a> pentru a descoperi aceast\u0103 bogat\u0103 mo\u0219tenire cultural\u0103.<\/p>\n<p>Adaug\u0103 o not\u0103 de elegan\u021b\u0103 \u0219i profunzime cultural\u0103 locuin\u021bei tale \u2014 celebreaz\u0103 esen\u021ba Pa\u0219tilor \u0219i a tradi\u021biilor Pa\u0219telui Ortodox Rom\u00e2nesc prin aceast\u0103 pictur\u0103 abstract\u0103 captivant\u0103.<\/p>\n<\/div>\n<\/div>\n<\/div>\n<\/div>","protected":false},"excerpt":{"rendered":"<p><strong>Tabloul Pa\u0219ti<\/strong> aduce o not\u0103 de elegan\u021b\u0103 \u0219i profunzime cultural\u0103 interiorului dumneavoastr\u0103. Inspirat\u0103 de tradi\u021biile Pa\u0219telui ortodox rom\u00e2nesc, aceast\u0103 oper\u0103 de art\u0103 adaug\u0103 o dimensiune cultural\u0103 \u0219i vibrant\u0103 oric\u0103rui decor, modern sau clasic.<\/p>\n<ul>\n<li><i>Acrilice pe p\u00e2nz\u0103, 100\u00d7160 cm<\/i><\/li>\n<li class=\"p1\"><em>Pentru toate expedierile interna\u021bionale, tablourile Calendar pot fi expediate numai rulate.<\/em><\/li>\n<\/ul>\n<p>&nbsp;<\/p>","protected":false},"featured_media":9183,"comment_status":"open","ping_status":"closed","template":"","meta":[],"product_brand":[],"product_cat":[54,78],"product_tag":[],"class_list":{"0":"post-9065","1":"product","2":"type-product","3":"status-publish","4":"has-post-thumbnail","6":"product_cat-all-art","7":"product_cat-the-calendar-art-collection","9":"first","10":"instock","11":"shipping-taxable","12":"purchasable","13":"product-type-simple"},"_links":{"self":[{"href":"https:\/\/aliceartworld.ro\/ro\/wp-json\/wp\/v2\/product\/9065","targetHints":{"allow":["GET"]}}],"collection":[{"href":"https:\/\/aliceartworld.ro\/ro\/wp-json\/wp\/v2\/product"}],"about":[{"href":"https:\/\/aliceartworld.ro\/ro\/wp-json\/wp\/v2\/types\/product"}],"replies":[{"embeddable":true,"href":"https:\/\/aliceartworld.ro\/ro\/wp-json\/wp\/v2\/comments?post=9065"}],"wp:featuredmedia":[{"embeddable":true,"href":"https:\/\/aliceartworld.ro\/ro\/wp-json\/wp\/v2\/media\/9183"}],"wp:attachment":[{"href":"https:\/\/aliceartworld.ro\/ro\/wp-json\/wp\/v2\/media?parent=9065"}],"wp:term":[{"taxonomy":"product_brand","embeddable":true,"href":"https:\/\/aliceartworld.ro\/ro\/wp-json\/wp\/v2\/product_brand?post=9065"},{"taxonomy":"product_cat","embeddable":true,"href":"https:\/\/aliceartworld.ro\/ro\/wp-json\/wp\/v2\/product_cat?post=9065"},{"taxonomy":"product_tag","embeddable":true,"href":"https:\/\/aliceartworld.ro\/ro\/wp-json\/wp\/v2\/product_tag?post=9065"}],"curies":[{"name":"wp","href":"https:\/\/api.w.org\/{rel}","templated":true}]}}