{"id":9066,"date":"2025-10-27T07:19:07","date_gmt":"2025-10-27T07:19:07","guid":{"rendered":"https:\/\/aliceartworld.ro\/?post_type=product&#038;p=9066"},"modified":"2026-04-23T07:16:46","modified_gmt":"2026-04-23T07:16:46","slug":"sanmedru-large-abstract-painting","status":"publish","type":"product","link":"https:\/\/aliceartworld.ro\/ro\/produs\/sanmedru-large-abstract-painting\/","title":{"rendered":"Pictura abstract\u0103 de mari dimensiuni S\u00e2nmedru 160x100 cm"},"content":{"rendered":"<div class=\"page\" title=\"Pagina 2\">\n<div class=\"section\">\n<div class=\"layoutArea\">\n<div class=\"column\">\n<p><strong>Tabloul S\u00e2nmedru<\/strong> aduce un omagiu tradi\u021biilor \u0219i mitologiei legate de <strong>S\u00e2nmedru<\/strong>S\u00e2nmedru, o figur\u0103 venerat\u0103 \u00een panteonul rom\u00e2nesc. S\u0103rb\u0103torit pe 26 octombrie, <strong>S\u00e2nmedru<\/strong> este considerat patronul iernii pastorale, simboliz\u00e2nd moartea vegeta\u021biei \u0219i venirea anotimpului rece. Aceast\u0103 s\u0103rb\u0103toare marcheaz\u0103 o diviziune esen\u021bial\u0103 a anului \u00een dou\u0103 p\u0103r\u021bi simetrice: <strong>sezonul de var\u0103<\/strong>, centrat \u00een jurul Sf\u00e2ntului Ilie (20 iulie), \u0219i <strong>sezonul de iarn\u0103<\/strong>, centrat \u00een jurul S\u00e2mpetrului de Iarn\u0103 (16 noiembrie).<\/p>\n<p>Sf\u00e2ntul Dumitru este, de asemenea, <strong>patronul p\u0103storilor<\/strong>, iar ziua sa de pr\u0103znuire include ritualuri menite s\u0103 prezic\u0103 venirea iernii. P\u0103storii a\u0219az\u0103 o cojoc de oaie \u00een mijlocul turmei \u0219i observ\u0103 care oaie se culc\u0103 pe el. Dac\u0103 se a\u0219az\u0103 o oaie neagr\u0103, iarna va fi bl\u00e2nd\u0103, iar dac\u0103 se culc\u0103 o oaie alb\u0103, iarna va fi aspr\u0103.<\/p>\n<p>Aceast\u0103 lucrare face parte din <strong>\u201eCalendarul\u201d<\/strong>, o serie de 14 picturi care ilustreaz\u0103 cele mai importante s\u0103rb\u0103tori ale anului pastoral rom\u00e2nesc. Aceste lucr\u0103ri sunt inspirate din bogata cultur\u0103, tradi\u021biile \u0219i mitologia <strong>M\u0103rginimii Sibiului<\/strong>una dintre cele mai autentice regiuni ale Rom\u00e2niei.<\/p>\n<p>Straturile culturale reflectate \u00een aceste s\u0103rb\u0103tori includ:<\/p>\n<ol>\n<li><strong>Religia ancestral\u0103<\/strong>, p\u0103strat\u0103 \u00een fragmente.<\/li>\n<li><strong>Cultul solar<\/strong>, mo\u0219tenit din cultul mithraic.<\/li>\n<li><strong>Tradi\u021biile cre\u0219tine<\/strong>, \u00een care cre\u0219tinismul timpuriu a adaptat s\u0103rb\u0103torile p\u0103g\u00e2ne (de exemplu, \u00eenlocuirea Solsti\u021biului de iarn\u0103 cu Cr\u0103ciunul sau asocierea s\u0103rb\u0103torii unui zeu trac al tunetului cu Sf\u00e2ntul Ilie).<\/li>\n<\/ol>\n<p>Descoper\u0103 mai mult din <a href=\"https:\/\/aliceartworld.ro\/ro\/?product_cat=the-calendar-art-collection\">colec\u021bia noastr\u0103 \u201eCalendarul\u201d<\/a> sau exploreaz\u0103 <a href=\"https:\/\/www.romaniajournal.ro\/travel\/ancient-traditions-breathtaking-landscapes-make-this-region-the-queen-of-the-romanian-rural-tourism-destinations\/\">tradi\u021biile M\u0103rginimii Sibiului<\/a> pentru a te conecta cu aceast\u0103 mo\u0219tenire cultural\u0103 remarcabil\u0103.<\/p>\n<p>Celebreaz\u0103 mo\u0219tenirea s\u0103rb\u0103torii <strong>S\u00e2nmedru<\/strong> \u0219i a anului pastoral rom\u00e2nesc prin aceast\u0103 pictur\u0103 abstract\u0103 captivant\u0103.<\/p>\n<\/div>\n<\/div>\n<\/div>\n<\/div>","protected":false},"excerpt":{"rendered":"<p><strong>Tabloul S\u00e2nmedru<\/strong> s\u0103rb\u0103tore\u0219te patronul iernii pastorale, S\u00e2nmedru, simboliz\u00e2nd trecerea la iarn\u0103 \u00een tradi\u021biile rom\u00e2ne\u0219ti. Un omagiu vibrant adus patrimoniului cultural.<\/p>\n<ul>\n<li><i>Acrilice pe p\u00e2nz\u0103, 100\u00d7160 cm<\/i><\/li>\n<li class=\"p1\"><em>Pentru toate expedierile interna\u021bionale, tablourile Calendar pot fi expediate numai rulate.<\/em><\/li>\n<\/ul>\n<p>&nbsp;<\/p>","protected":false},"featured_media":9190,"comment_status":"open","ping_status":"closed","template":"","meta":[],"product_brand":[],"product_cat":[54,78],"product_tag":[],"class_list":{"0":"post-9066","1":"product","2":"type-product","3":"status-publish","4":"has-post-thumbnail","6":"product_cat-all-art","7":"product_cat-the-calendar-art-collection","9":"first","10":"instock","11":"shipping-taxable","12":"purchasable","13":"product-type-simple"},"_links":{"self":[{"href":"https:\/\/aliceartworld.ro\/ro\/wp-json\/wp\/v2\/product\/9066","targetHints":{"allow":["GET"]}}],"collection":[{"href":"https:\/\/aliceartworld.ro\/ro\/wp-json\/wp\/v2\/product"}],"about":[{"href":"https:\/\/aliceartworld.ro\/ro\/wp-json\/wp\/v2\/types\/product"}],"replies":[{"embeddable":true,"href":"https:\/\/aliceartworld.ro\/ro\/wp-json\/wp\/v2\/comments?post=9066"}],"wp:featuredmedia":[{"embeddable":true,"href":"https:\/\/aliceartworld.ro\/ro\/wp-json\/wp\/v2\/media\/9190"}],"wp:attachment":[{"href":"https:\/\/aliceartworld.ro\/ro\/wp-json\/wp\/v2\/media?parent=9066"}],"wp:term":[{"taxonomy":"product_brand","embeddable":true,"href":"https:\/\/aliceartworld.ro\/ro\/wp-json\/wp\/v2\/product_brand?post=9066"},{"taxonomy":"product_cat","embeddable":true,"href":"https:\/\/aliceartworld.ro\/ro\/wp-json\/wp\/v2\/product_cat?post=9066"},{"taxonomy":"product_tag","embeddable":true,"href":"https:\/\/aliceartworld.ro\/ro\/wp-json\/wp\/v2\/product_tag?post=9066"}],"curies":[{"name":"wp","href":"https:\/\/api.w.org\/{rel}","templated":true}]}}