{"id":9067,"date":"2025-10-27T07:19:07","date_gmt":"2025-10-27T07:19:07","guid":{"rendered":"https:\/\/aliceartworld.ro\/?post_type=product&#038;p=9067"},"modified":"2026-04-23T07:13:48","modified_gmt":"2026-04-23T07:13:48","slug":"sangeorz-large-abstract-painting","status":"publish","type":"product","link":"https:\/\/aliceartworld.ro\/ro\/produs\/sangeorz-large-abstract-painting\/","title":{"rendered":"Pictura abstract\u0103 de mari dimensiuni S\u00e2ngeorz 160x100 cm"},"content":{"rendered":"<div class=\"page\" title=\"Pagina 2\">\n<div class=\"section\">\n<div class=\"layoutArea\">\n<div class=\"column\">\n<p><strong>Tabloul S\u00e2ngeorz<\/strong> s\u0103rb\u0103tore\u0219te bogatele tradi\u021bii \u0219i mitologie ale Zilei Sf\u00e2ntului Gheorghe, marc\u00e2nd \u00eenceputul anului pastoral \u00een <strong>M\u0103rginimii Sibiului<\/strong>. Cunoscut \u00een legendele populare drept \u201cp\u0103zitorul timpului\u201d, <strong>Sf\u00e2ntul Gheorghe<\/strong> st\u0103p\u00e2ne\u0219te cheile vremii, deschiz\u00e2nd \u0219i \u00eenchiz\u00e2nd anotimpul cald dup\u0103 voia sa.<\/p>\n<p>\u00cen ajunul zilei <strong>Ziua Sf\u00e2ntului Gheorghe<\/strong> (22 aprilie), numit \u0219i S\u00e2ngeorzul Vacilor sau Cel Ales, p\u0103storii desf\u0103\u0219oar\u0103 ritualuri pentru a marca \u00eenceputul anului pastoral. Aceste obiceiuri includ alegerea p\u0103storilor \u0219i a mieilor, preg\u0103tirea oilor pentru prima mulsoare \u0219i ob\u021binerea primului ca\u0219. Prima mulsoare este \u00eenso\u021bit\u0103 de gesturi ritualice, precum mulsul printr-un colac tradi\u021bional sau printr-o coroni\u021b\u0103 din plante magice. Aceste practici sunt menite s\u0103 asigure s\u0103n\u0103tatea animalelor \u0219i o produc\u021bie bogat\u0103 de lapte, \u00eembin\u00e2nd tradi\u021biile sacre cu for\u021bele naturii.<\/p>\n<p>Aceast\u0103 lucrare face parte din <strong>\u201eCalendarul\u201d<\/strong>, o serie de 14 picturi inspirate de cultura, tradi\u021biile \u0219i mitologia <strong>M\u0103rginimii Sibiului<\/strong>, una dintre cele mai autentice regiuni ale Rom\u00e2niei. Aceste lucr\u0103ri ilustreaz\u0103 cele mai importante s\u0103rb\u0103tori ale anului pastoral rom\u00e2nesc, realizate \u00een ordine cronologic\u0103.<\/p>\n<p>S\u0103rb\u0103torile <strong>M\u0103rginimii Sibiului<\/strong> reflect\u0103 trei straturi culturale:<\/p>\n<ol>\n<li><strong>Religia ancestral\u0103<\/strong>, ast\u0103zi p\u0103strat\u0103 doar \u00een fragmente.<\/li>\n<li><strong>Cultul solar<\/strong>, mo\u0219tenit din cultul mithraic.<\/li>\n<li><strong>Tradi\u021biile cre\u0219tine<\/strong>, \u00een care liderii cre\u0219tini timpurii au adaptat obiceiurile p\u0103g\u00e2ne (de exemplu, Solsti\u021biul de iarn\u0103 a devenit Cr\u0103ciunul, iar s\u0103rb\u0103toarea unui zeu trac al tunetului a devenit celebrarea Sf\u00e2ntului Ilie).<\/li>\n<\/ol>\n<p>Descoper\u0103 mai mult din <a href=\"https:\/\/aliceartworld.ro\/ro\/?product_cat=the-calendar-art-collection\">colec\u021bia noastr\u0103 \u201eCalendarul\u201d<\/a> sau exploreaz\u0103 <a href=\"https:\/\/www.anuarulsargetia.ro\/sate-si-obiceiuri-in-marginime-partea-i\">tradi\u021biile M\u0103rginimii Sibiului<\/a> pentru a te conecta cu aceast\u0103 mo\u0219tenire cultural\u0103 remarcabil\u0103.<\/p>\n<p>Adu esen\u021ba <strong>S\u00e2ngeorzului<\/strong> \u0219i a anului pastoral rom\u00e2nesc \u00een spa\u021biul t\u0103u prin aceast\u0103 pictur\u0103 abstract\u0103 captivant\u0103.<\/p>\n<\/div>\n<\/div>\n<\/div>\n<\/div>","protected":false},"excerpt":{"rendered":"<p><strong>Tabloul S\u00e2ngeorz<\/strong> surprinde tradi\u021biile vibrante ale zilei Sf\u00e2ntului Gheorghe, care marcheaz\u0103 \u00eenceputul anului pastoral \u00een M\u0103rginimea Sibiului. Un omagiu uimitor adus mo\u0219tenirii rom\u00e2ne\u0219ti.<\/p>\n<ul>\n<li><i>Acrilice pe p\u00e2nz\u0103, 100\u00d7160 cm<\/i><\/li>\n<li class=\"p1\"><em>Pentru toate expedierile interna\u021bionale, tablourile Calendar pot fi expediate numai rulate.<\/em><\/li>\n<\/ul>\n<p>&nbsp;<\/p>","protected":false},"featured_media":9197,"comment_status":"open","ping_status":"closed","template":"","meta":[],"product_brand":[],"product_cat":[54,78],"product_tag":[],"class_list":{"0":"post-9067","1":"product","2":"type-product","3":"status-publish","4":"has-post-thumbnail","6":"product_cat-all-art","7":"product_cat-the-calendar-art-collection","9":"first","10":"instock","11":"shipping-taxable","12":"purchasable","13":"product-type-simple"},"_links":{"self":[{"href":"https:\/\/aliceartworld.ro\/ro\/wp-json\/wp\/v2\/product\/9067","targetHints":{"allow":["GET"]}}],"collection":[{"href":"https:\/\/aliceartworld.ro\/ro\/wp-json\/wp\/v2\/product"}],"about":[{"href":"https:\/\/aliceartworld.ro\/ro\/wp-json\/wp\/v2\/types\/product"}],"replies":[{"embeddable":true,"href":"https:\/\/aliceartworld.ro\/ro\/wp-json\/wp\/v2\/comments?post=9067"}],"wp:featuredmedia":[{"embeddable":true,"href":"https:\/\/aliceartworld.ro\/ro\/wp-json\/wp\/v2\/media\/9197"}],"wp:attachment":[{"href":"https:\/\/aliceartworld.ro\/ro\/wp-json\/wp\/v2\/media?parent=9067"}],"wp:term":[{"taxonomy":"product_brand","embeddable":true,"href":"https:\/\/aliceartworld.ro\/ro\/wp-json\/wp\/v2\/product_brand?post=9067"},{"taxonomy":"product_cat","embeddable":true,"href":"https:\/\/aliceartworld.ro\/ro\/wp-json\/wp\/v2\/product_cat?post=9067"},{"taxonomy":"product_tag","embeddable":true,"href":"https:\/\/aliceartworld.ro\/ro\/wp-json\/wp\/v2\/product_tag?post=9067"}],"curies":[{"name":"wp","href":"https:\/\/api.w.org\/{rel}","templated":true}]}}