{"id":9068,"date":"2025-10-27T07:19:07","date_gmt":"2025-10-27T07:19:07","guid":{"rendered":"https:\/\/aliceartworld.ro\/?post_type=product&#038;p=9068"},"modified":"2025-11-10T14:38:41","modified_gmt":"2025-11-10T14:38:41","slug":"inflatable-a4-artwork","status":"publish","type":"product","link":"https:\/\/aliceartworld.ro\/ro\/produs\/inflatable-a4-artwork\/","title":{"rendered":"Schi\u021b\u0103 Inflatable A4"},"content":{"rendered":"<p>O lucrare de art\u0103 original\u0103, \u00een format A4, gata pentru \u00eenr\u0103mare. Ad\u0103ugarea unei astfel de piese unice \u00een colec\u021bia ta de art\u0103 este \u00eentotdeauna o idee inspirat\u0103.<\/p>\n<p>Vine \u00eenso\u021bit\u0103 de certificat de autenticitate \u0219i este semnat\u0103 de Alice.<\/p>","protected":false},"excerpt":{"rendered":"<p>O lucrare de art\u0103 original\u0103 miniatural\u0103, realizat\u0103 \u00een tehnic\u0103 mixt\u0103 \u2013 parte din colec\u021bia de lucr\u0103ri mini \u00een format A4.<\/p>\n<p>Se livreaz\u0103 f\u0103r\u0103 ram\u0103.<\/p>","protected":false},"featured_media":9204,"comment_status":"open","ping_status":"closed","template":"","meta":[],"product_brand":[],"product_cat":[54,56,104],"product_tag":[],"class_list":{"0":"post-9068","1":"product","2":"type-product","3":"status-publish","4":"has-post-thumbnail","6":"product_cat-all-art","7":"product_cat-small-originals","8":"product_cat-unique","10":"first","11":"outofstock","12":"shipping-taxable","13":"purchasable","14":"product-type-simple"},"_links":{"self":[{"href":"https:\/\/aliceartworld.ro\/ro\/wp-json\/wp\/v2\/product\/9068","targetHints":{"allow":["GET"]}}],"collection":[{"href":"https:\/\/aliceartworld.ro\/ro\/wp-json\/wp\/v2\/product"}],"about":[{"href":"https:\/\/aliceartworld.ro\/ro\/wp-json\/wp\/v2\/types\/product"}],"replies":[{"embeddable":true,"href":"https:\/\/aliceartworld.ro\/ro\/wp-json\/wp\/v2\/comments?post=9068"}],"wp:featuredmedia":[{"embeddable":true,"href":"https:\/\/aliceartworld.ro\/ro\/wp-json\/wp\/v2\/media\/9204"}],"wp:attachment":[{"href":"https:\/\/aliceartworld.ro\/ro\/wp-json\/wp\/v2\/media?parent=9068"}],"wp:term":[{"taxonomy":"product_brand","embeddable":true,"href":"https:\/\/aliceartworld.ro\/ro\/wp-json\/wp\/v2\/product_brand?post=9068"},{"taxonomy":"product_cat","embeddable":true,"href":"https:\/\/aliceartworld.ro\/ro\/wp-json\/wp\/v2\/product_cat?post=9068"},{"taxonomy":"product_tag","embeddable":true,"href":"https:\/\/aliceartworld.ro\/ro\/wp-json\/wp\/v2\/product_tag?post=9068"}],"curies":[{"name":"wp","href":"https:\/\/api.w.org\/{rel}","templated":true}]}}