{"id":9070,"date":"2025-10-27T07:19:08","date_gmt":"2025-10-27T07:19:08","guid":{"rendered":"https:\/\/aliceartworld.ro\/?post_type=product&#038;p=9070"},"modified":"2025-11-10T14:37:51","modified_gmt":"2025-11-10T14:37:51","slug":"goddess-a4-artwork","status":"publish","type":"product","link":"https:\/\/aliceartworld.ro\/ro\/produs\/goddess-a4-artwork\/","title":{"rendered":"Schi\u021ba Goddess A4"},"content":{"rendered":"<p class=\"p1\">O lucrare de art\u0103 original\u0103, \u00een format A4, gata pentru \u00eenr\u0103mare. Ad\u0103ugarea unei astfel de piese unice \u00een colec\u021bia ta de art\u0103 este \u00eentotdeauna o idee inspirat\u0103.<\/p>\n<p class=\"p1\">Vine cu un certificat \u0219i este semnat de Alice.<\/p>","protected":false},"excerpt":{"rendered":"<p>Un studiu original miniatural \u2013 parte din colec\u021bia de lucr\u0103ri \u00een format A4.<\/p>\n<p>Se livreaz\u0103 f\u0103r\u0103 ram\u0103.<\/p>","protected":false},"featured_media":9212,"comment_status":"open","ping_status":"closed","template":"","meta":[],"product_brand":[],"product_cat":[54,56,104],"product_tag":[],"class_list":{"0":"post-9070","1":"product","2":"type-product","3":"status-publish","4":"has-post-thumbnail","6":"product_cat-all-art","7":"product_cat-small-originals","8":"product_cat-unique","10":"first","11":"outofstock","12":"sold-individually","13":"shipping-taxable","14":"purchasable","15":"product-type-simple"},"_links":{"self":[{"href":"https:\/\/aliceartworld.ro\/ro\/wp-json\/wp\/v2\/product\/9070","targetHints":{"allow":["GET"]}}],"collection":[{"href":"https:\/\/aliceartworld.ro\/ro\/wp-json\/wp\/v2\/product"}],"about":[{"href":"https:\/\/aliceartworld.ro\/ro\/wp-json\/wp\/v2\/types\/product"}],"replies":[{"embeddable":true,"href":"https:\/\/aliceartworld.ro\/ro\/wp-json\/wp\/v2\/comments?post=9070"}],"wp:featuredmedia":[{"embeddable":true,"href":"https:\/\/aliceartworld.ro\/ro\/wp-json\/wp\/v2\/media\/9212"}],"wp:attachment":[{"href":"https:\/\/aliceartworld.ro\/ro\/wp-json\/wp\/v2\/media?parent=9070"}],"wp:term":[{"taxonomy":"product_brand","embeddable":true,"href":"https:\/\/aliceartworld.ro\/ro\/wp-json\/wp\/v2\/product_brand?post=9070"},{"taxonomy":"product_cat","embeddable":true,"href":"https:\/\/aliceartworld.ro\/ro\/wp-json\/wp\/v2\/product_cat?post=9070"},{"taxonomy":"product_tag","embeddable":true,"href":"https:\/\/aliceartworld.ro\/ro\/wp-json\/wp\/v2\/product_tag?post=9070"}],"curies":[{"name":"wp","href":"https:\/\/api.w.org\/{rel}","templated":true}]}}