{"id":9071,"date":"2025-10-27T07:19:08","date_gmt":"2025-10-27T07:19:08","guid":{"rendered":"https:\/\/aliceartworld.ro\/?post_type=product&#038;p=9071"},"modified":"2025-11-03T10:13:03","modified_gmt":"2025-11-03T10:13:03","slug":"muse-i","status":"publish","type":"product","link":"https:\/\/aliceartworld.ro\/ro\/produs\/muse-i\/","title":{"rendered":"Muza I 40x40cm"},"content":{"rendered":"<p>Portretul unei muze \u00een culori vii, vesele, cu accente acrilice aurii - o pies\u0103 semi-abstract\u0103 pentru a v\u0103 \u00eempodobi casa sau pentru a o oferi cadou.<\/p>","protected":false},"excerpt":{"rendered":"<p><strong>Dimensiune 40\u00d740 cm<\/strong><\/p>\n<p class=\"p1\"><b>Acrilice pe p\u00e2nz\u0103.<\/b><\/p>\n<p>Se livreaz\u0103 f\u0103r\u0103 ram\u0103. Dac\u0103 dore\u0219ti \u00eenr\u0103mare personalizat\u0103, te rug\u0103m s\u0103 ne contactezi \u0219i o vom realiza pentru tine.<\/p>","protected":false},"featured_media":9215,"comment_status":"open","ping_status":"closed","template":"","meta":[],"product_brand":[],"product_cat":[54,79],"product_tag":[],"class_list":{"0":"post-9071","1":"product","2":"type-product","3":"status-publish","4":"has-post-thumbnail","6":"product_cat-all-art","7":"product_cat-muses","9":"first","10":"instock","11":"shipping-taxable","12":"purchasable","13":"product-type-simple"},"_links":{"self":[{"href":"https:\/\/aliceartworld.ro\/ro\/wp-json\/wp\/v2\/product\/9071","targetHints":{"allow":["GET"]}}],"collection":[{"href":"https:\/\/aliceartworld.ro\/ro\/wp-json\/wp\/v2\/product"}],"about":[{"href":"https:\/\/aliceartworld.ro\/ro\/wp-json\/wp\/v2\/types\/product"}],"replies":[{"embeddable":true,"href":"https:\/\/aliceartworld.ro\/ro\/wp-json\/wp\/v2\/comments?post=9071"}],"wp:featuredmedia":[{"embeddable":true,"href":"https:\/\/aliceartworld.ro\/ro\/wp-json\/wp\/v2\/media\/9215"}],"wp:attachment":[{"href":"https:\/\/aliceartworld.ro\/ro\/wp-json\/wp\/v2\/media?parent=9071"}],"wp:term":[{"taxonomy":"product_brand","embeddable":true,"href":"https:\/\/aliceartworld.ro\/ro\/wp-json\/wp\/v2\/product_brand?post=9071"},{"taxonomy":"product_cat","embeddable":true,"href":"https:\/\/aliceartworld.ro\/ro\/wp-json\/wp\/v2\/product_cat?post=9071"},{"taxonomy":"product_tag","embeddable":true,"href":"https:\/\/aliceartworld.ro\/ro\/wp-json\/wp\/v2\/product_tag?post=9071"}],"curies":[{"name":"wp","href":"https:\/\/api.w.org\/{rel}","templated":true}]}}