{"id":9072,"date":"2025-10-27T07:19:08","date_gmt":"2025-10-27T07:19:08","guid":{"rendered":"https:\/\/aliceartworld.ro\/?post_type=product&#038;p=9072"},"modified":"2025-11-10T14:27:47","modified_gmt":"2025-11-10T14:27:47","slug":"ascension-large-abstract-painting","status":"publish","type":"product","link":"https:\/\/aliceartworld.ro\/ro\/produs\/ascension-large-abstract-painting\/","title":{"rendered":"Pictura abstract\u0103 de mari dimensiuni Ascensiunea 160x100 cm"},"content":{"rendered":"<p><strong>pictura abstract\u0103 de mari dimensiuni \u201eAscensiunea\u201d<\/strong> surprinde frumos tradi\u021biile vibrante ale Sibielului, <strong>M\u0103rginimii Sibiului<\/strong>, s\u0103rb\u0103torit\u0103 \u00een ziua de Ispas (\u00cen\u0103l\u021barea Domnului). Acest obicei adun\u0103 copii, tineri c\u0103l\u0103ri pe cai \u00eempodobi\u021bi \u0219i fete \u00eembr\u0103cate \u00een straie tradi\u021bionale de s\u0103rb\u0103toare, adun\u00e2ndu-se \u00een jurul troi\u021belor din sat, \u00een timp ce c\u00e2nt\u0103 \u201cc\u00e2ntecul crucii\u201d.\u201c<\/p>\n<p>Pictura amplific\u0103 detaliile minu\u021bioase ale \u00eempodobirii cailor \u00een aceast\u0103 zi special\u0103: capetele lor sunt decorate cu flori colorate de prim\u0103var\u0103 \u0219i ciucuri mari ro\u0219ii, iar trupurile sunt acoperite cu motive la fel de elaborate. Aceast\u0103 scen\u0103 plin\u0103 de via\u021b\u0103 eviden\u021biaz\u0103 m\u0103iestria \u0219i bog\u0103\u021bia cultural\u0103 a mo\u0219tenirii rom\u00e2ne\u0219ti.<\/p>\n<p>Parte din colec\u021bia de art\u0103 <strong>\u201eCalendarul\u201d<\/strong>, aceast\u0103 pictur\u0103 face parte dintr-un ansamblu de 14 lucr\u0103ri care ilustreaz\u0103 cele mai importante s\u0103rb\u0103tori ale anului pastoral rom\u00e2nesc, inspirate din bogatele tradi\u021bii, mitologia \u0219i cultura <strong>M\u0103rginimii Sibiului<\/strong>una dintre cele mai autentice regiuni ale Rom\u00e2niei.<\/p>\n<p>Anul s\u0103rb\u0103torilor locale din <strong>M\u0103rginimii Sibiului<\/strong> reflect\u0103 trei straturi culturale:<\/p>\n<ol>\n<li><strong>Religia ancestral\u0103<\/strong>, p\u0103strat\u0103 \u00een fragmente.<\/li>\n<li><strong>Cultul solar<\/strong>, mo\u0219tenit din cultul mithraic.<\/li>\n<li><strong>Tradi\u021biile cre\u0219tine<\/strong>, \u00een care cre\u0219tinismul timpuriu a adaptat s\u0103rb\u0103torile p\u0103g\u00e2ne (de exemplu, \u00eenlocuirea Solsti\u021biului de iarn\u0103 cu Cr\u0103ciunul sau asocierea s\u0103rb\u0103torii unui zeu trac al tunetului cu Sf\u00e2ntul Ilie).<\/li>\n<\/ol>\n<p>Pentru mai multe detalii, exploreaz\u0103 <a href=\"https:\/\/aliceartworld.ro\/ro\/?product_cat=the-calendar-art-collection\">colec\u021bia noastr\u0103 \u201eCalendarul\u201d<\/a> sau descoper\u0103 tradi\u021biile <a href=\"https:\/\/www.romaniajournal.ro\/travel\/ancient-traditions-breathtaking-landscapes-make-this-region-the-queen-of-the-romanian-rural-tourism-destinations\/#google_vignette\">tradi\u021biile M\u0103rginimii Sibiului<\/a> pentru a te conecta cu aceast\u0103 mo\u0219tenire cultural\u0103 remarcabil\u0103.<\/p>\n<p>Adaug\u0103 o parte din tradi\u021bia rom\u00e2neasc\u0103 \u00een colec\u021bia ta prin <strong>pictura abstract\u0103 de mari dimensiuni \u201eAscensiunea\u201d<\/strong>\u2014 un omagiu atemporal adus artei \u0219i identit\u0103\u021bii.<\/p>","protected":false},"excerpt":{"rendered":"<p><strong>pictura abstract\u0103 de mari dimensiuni \u201eAscensiunea\u201d<\/strong> Pictura \u201eAscensiunea\u201d surprinde tradi\u021bia vibrant\u0103 a Sibielului, prezent\u00e2nd un cal frumos \u00eempodobit cu flori vesele \u0219i ciucuri ro\u0219ii. Un tribut modern adus mo\u0219tenirii rom\u00e2ne\u0219ti \u0219i s\u0103rb\u0103torii \u00cen\u0103l\u021b\u0103rii Domnului.<\/p>\n<ul>\n<li><i>Acrilice pe p\u00e2nz\u0103, 100\u00d7160 cm<\/i><\/li>\n<li class=\"p1\"><em>Pentru toate expedierile interna\u021bionale, tablourile Calendar pot fi expediate numai rulate.<\/em><\/li>\n<\/ul>\n<p>&nbsp;<\/p>","protected":false},"featured_media":9781,"comment_status":"open","ping_status":"closed","template":"","meta":[],"product_brand":[],"product_cat":[54,78],"product_tag":[],"class_list":{"0":"post-9072","1":"product","2":"type-product","3":"status-publish","4":"has-post-thumbnail","6":"product_cat-all-art","7":"product_cat-the-calendar-art-collection","9":"first","10":"instock","11":"shipping-taxable","12":"purchasable","13":"product-type-simple"},"_links":{"self":[{"href":"https:\/\/aliceartworld.ro\/ro\/wp-json\/wp\/v2\/product\/9072","targetHints":{"allow":["GET"]}}],"collection":[{"href":"https:\/\/aliceartworld.ro\/ro\/wp-json\/wp\/v2\/product"}],"about":[{"href":"https:\/\/aliceartworld.ro\/ro\/wp-json\/wp\/v2\/types\/product"}],"replies":[{"embeddable":true,"href":"https:\/\/aliceartworld.ro\/ro\/wp-json\/wp\/v2\/comments?post=9072"}],"wp:featuredmedia":[{"embeddable":true,"href":"https:\/\/aliceartworld.ro\/ro\/wp-json\/wp\/v2\/media\/9781"}],"wp:attachment":[{"href":"https:\/\/aliceartworld.ro\/ro\/wp-json\/wp\/v2\/media?parent=9072"}],"wp:term":[{"taxonomy":"product_brand","embeddable":true,"href":"https:\/\/aliceartworld.ro\/ro\/wp-json\/wp\/v2\/product_brand?post=9072"},{"taxonomy":"product_cat","embeddable":true,"href":"https:\/\/aliceartworld.ro\/ro\/wp-json\/wp\/v2\/product_cat?post=9072"},{"taxonomy":"product_tag","embeddable":true,"href":"https:\/\/aliceartworld.ro\/ro\/wp-json\/wp\/v2\/product_tag?post=9072"}],"curies":[{"name":"wp","href":"https:\/\/api.w.org\/{rel}","templated":true}]}}