{"id":9116,"date":"2025-10-27T07:20:41","date_gmt":"2025-10-27T07:20:41","guid":{"rendered":"https:\/\/aliceartworld.ro\/?post_type=product&#038;p=9116"},"modified":"2025-11-03T10:11:49","modified_gmt":"2025-11-03T10:11:49","slug":"muse-x","status":"publish","type":"product","link":"https:\/\/aliceartworld.ro\/ro\/produs\/muse-x\/","title":{"rendered":"Muza X 40x40cm"},"content":{"rendered":"<p>Portret al unei muze, creat intuitiv \u2013 o lucrare semi-abstract\u0103 menit\u0103 s\u0103-\u021bi \u00eenfrumuse\u021beze locuin\u021ba sau s\u0103 fie oferit\u0103 cadou.<\/p>","protected":false},"excerpt":{"rendered":"<p><strong>Dimensiune 40\u00d740 cm<\/strong><\/p>\n<p class=\"p1\"><b>Acrilice pe p\u00e2nz\u0103.<\/b><\/p>\n<p>Se livreaz\u0103 f\u0103r\u0103 ram\u0103. Dac\u0103 dore\u0219ti \u00eenr\u0103mare personalizat\u0103, te rug\u0103m s\u0103 ne contactezi \u0219i o vom realiza pentru tine.<\/p>","protected":false},"featured_media":9246,"comment_status":"open","ping_status":"closed","template":"","meta":[],"product_brand":[],"product_cat":[54,79],"product_tag":[],"class_list":{"0":"post-9116","1":"product","2":"type-product","3":"status-publish","4":"has-post-thumbnail","6":"product_cat-all-art","7":"product_cat-muses","9":"first","10":"instock","11":"shipping-taxable","12":"purchasable","13":"product-type-simple"},"_links":{"self":[{"href":"https:\/\/aliceartworld.ro\/ro\/wp-json\/wp\/v2\/product\/9116","targetHints":{"allow":["GET"]}}],"collection":[{"href":"https:\/\/aliceartworld.ro\/ro\/wp-json\/wp\/v2\/product"}],"about":[{"href":"https:\/\/aliceartworld.ro\/ro\/wp-json\/wp\/v2\/types\/product"}],"replies":[{"embeddable":true,"href":"https:\/\/aliceartworld.ro\/ro\/wp-json\/wp\/v2\/comments?post=9116"}],"wp:featuredmedia":[{"embeddable":true,"href":"https:\/\/aliceartworld.ro\/ro\/wp-json\/wp\/v2\/media\/9246"}],"wp:attachment":[{"href":"https:\/\/aliceartworld.ro\/ro\/wp-json\/wp\/v2\/media?parent=9116"}],"wp:term":[{"taxonomy":"product_brand","embeddable":true,"href":"https:\/\/aliceartworld.ro\/ro\/wp-json\/wp\/v2\/product_brand?post=9116"},{"taxonomy":"product_cat","embeddable":true,"href":"https:\/\/aliceartworld.ro\/ro\/wp-json\/wp\/v2\/product_cat?post=9116"},{"taxonomy":"product_tag","embeddable":true,"href":"https:\/\/aliceartworld.ro\/ro\/wp-json\/wp\/v2\/product_tag?post=9116"}],"curies":[{"name":"wp","href":"https:\/\/api.w.org\/{rel}","templated":true}]}}