{"id":9131,"date":"2025-10-27T07:21:30","date_gmt":"2025-10-27T07:21:30","guid":{"rendered":"https:\/\/aliceartworld.ro\/?post_type=product&#038;p=9131"},"modified":"2025-12-11T08:49:37","modified_gmt":"2025-12-11T08:49:37","slug":"st-paraskeva-large-abstract-painting","status":"publish","type":"product","link":"https:\/\/aliceartworld.ro\/ro\/produs\/st-paraskeva-large-abstract-painting\/","title":{"rendered":"Pictura abstract\u0103 de mari dimensiuni Sf\u00e2nta Parascheva 100x160 cm"},"content":{"rendered":"<div class=\"page\" title=\"Pagina 2\">\n<div class=\"section\">\n<div class=\"layoutArea\">\n<div class=\"column\">\n<p><strong>Pictura abstract\u0103 de mari dimensiuni \u201eSf\u00e2nta Parascheva\u201d<\/strong> celebreaz\u0103 tradi\u021biile pastorale \u0219i semnifica\u021bia spiritual\u0103 a zilei de 14 octombrie \u00een cultura rom\u00e2neasc\u0103. Aceast\u0103 zi marcheaz\u0103 \u00eentoarcerea p\u0103storilor \u00een sat \u00eempreun\u0103 cu turmele lor. Oile sunt atent alese \u0219i \u00eemp\u0103r\u021bite st\u0103p\u00e2nilor, iar p\u0103storii \u00ee\u0219i primesc plata binemeritat\u0103. Tot \u00een aceast\u0103 perioad\u0103 se fac \u0219i previziunile vremii pentru iarn\u0103, conform obiceiurilor str\u0103vechi: dac\u0103 oile dorm str\u00e2nse unele \u00een altele, se anun\u021b\u0103 o iarn\u0103 grea \u0219i lung\u0103; dac\u0103 dorm r\u0103sfirate, anotimpul rece va fi bl\u00e2nd.<\/p>\n<p>Sf\u00e2nta Cuvioas\u0103 Parascheva <strong>este venerat\u0103 ca simbol al abunden\u021bei \u0219i al protec\u021biei<\/strong>, despre care se crede c\u0103 aduce ploaie pentru recolte fructuoase. De asemenea, ea este considerat\u0103 patroana plugarilor \u0219i protectoarea apelor. Icoane ale Sfintei Paraskeva sunt adesea plasate l\u00e2ng\u0103 r\u00e2uri sau f\u00e2nt\u00e2ni, impregn\u00e2nd apele cu propriet\u0103\u021bi vindec\u0103toare.<\/p>\n<p>Aceast\u0103 pictur\u0103 face parte din <strong>\u201eCalendarul\u201d<\/strong>, o serie de 14 lucr\u0103ri surprinz\u00e2nd cele mai importante s\u0103rb\u0103tori ale anului pastoral rom\u00e2nesc. Aceste picturi se inspir\u0103 din bogatele tradi\u021bii, mitologie \u0219i cultur\u0103 ale <strong>M\u0103rginimii Sibiului<\/strong>una dintre cele mai autentice regiuni ale Rom\u00e2niei.<\/p>\n<p>Anul s\u0103rb\u0103torilor locale din <strong>M\u0103rginimii Sibiului<\/strong> reflect\u0103 trei straturi culturale:<\/p>\n<ol>\n<li><strong>Religia ancestral\u0103<\/strong>, p\u0103strat\u0103 \u00een fragmente.<\/li>\n<li><strong>Cultul solar<\/strong>, mo\u0219tenit\u0103 prin cultul Mithraic.<\/li>\n<li><strong>Tradi\u021biile cre\u0219tine<\/strong>, unde cre\u0219tinismul timpuriu a adaptat s\u0103rb\u0103tori preexistente (de exemplu, Solsti\u021biul de iarn\u0103 a devenit Cr\u0103ciunul, iar s\u0103rb\u0103toarea unui zeu trac al tunetului s-a transformat \u00een s\u0103rb\u0103toarea Sf\u00e2ntului Ilie).<\/li>\n<\/ol>\n<p>Explora\u021bi mai multe din <a href=\"https:\/\/aliceartworld.ro\/ro\/categorie-produs\/all-art\/the-calendar-art-collection\/\">colec\u021bia noastr\u0103 \u201eCalendarul\u201d<\/a> sau descoperi\u021bi <a href=\"https:\/\/www.romaniajournal.ro\/travel\/ancient-traditions-breathtaking-landscapes-make-this-region-the-queen-of-the-romanian-rural-tourism-destinations\/\">tradi\u021biile M\u0103rginimii Sibiului<\/a> pentru a v\u0103 aprofunda leg\u0103tura cu acest patrimoniu remarcabil.<\/p>\n<p>Adu povestea Sfintei Parascheva \u0219i tradi\u021biile rom\u00e2ne\u0219ti la via\u021b\u0103 \u00een spa\u021biul t\u0103u cu aceast\u0103 pictur\u0103 abstract\u0103 unic\u0103.<\/p>\n<\/div>\n<\/div>\n<\/div>\n<\/div>","protected":false},"excerpt":{"rendered":"<p><strong>Pictura abstract\u0103 de mari dimensiuni \u201eSf\u00e2nta Parascheva\u201d<\/strong> surprinde esen\u021ba tradi\u021biilor rom\u00e2ne\u0219ti, onor\u00e2nd \u00eentoarcerea p\u0103storilor \u0219i semnifica\u021bia spiritual\u0103 a zilei de 14 octombrie. Un tribut remarcabil adus patrimoniului \u0219i culturii rom\u00e2ne.<\/p>\n<ul>\n<li><i>Acrilice pe p\u00e2nz\u0103, 100\u00d7160 cm<\/i><\/li>\n<li class=\"p1\"><em>Pentru toate expedierile interna\u021bionale, tablourile Calendar pot fi expediate numai rulate.<\/em><\/li>\n<\/ul>","protected":false},"featured_media":9248,"comment_status":"open","ping_status":"closed","template":"","meta":[],"product_brand":[],"product_cat":[54,78],"product_tag":[],"class_list":{"0":"post-9131","1":"product","2":"type-product","3":"status-publish","4":"has-post-thumbnail","6":"product_cat-all-art","7":"product_cat-the-calendar-art-collection","9":"first","10":"instock","11":"shipping-taxable","12":"purchasable","13":"product-type-simple"},"_links":{"self":[{"href":"https:\/\/aliceartworld.ro\/ro\/wp-json\/wp\/v2\/product\/9131","targetHints":{"allow":["GET"]}}],"collection":[{"href":"https:\/\/aliceartworld.ro\/ro\/wp-json\/wp\/v2\/product"}],"about":[{"href":"https:\/\/aliceartworld.ro\/ro\/wp-json\/wp\/v2\/types\/product"}],"replies":[{"embeddable":true,"href":"https:\/\/aliceartworld.ro\/ro\/wp-json\/wp\/v2\/comments?post=9131"}],"wp:featuredmedia":[{"embeddable":true,"href":"https:\/\/aliceartworld.ro\/ro\/wp-json\/wp\/v2\/media\/9248"}],"wp:attachment":[{"href":"https:\/\/aliceartworld.ro\/ro\/wp-json\/wp\/v2\/media?parent=9131"}],"wp:term":[{"taxonomy":"product_brand","embeddable":true,"href":"https:\/\/aliceartworld.ro\/ro\/wp-json\/wp\/v2\/product_brand?post=9131"},{"taxonomy":"product_cat","embeddable":true,"href":"https:\/\/aliceartworld.ro\/ro\/wp-json\/wp\/v2\/product_cat?post=9131"},{"taxonomy":"product_tag","embeddable":true,"href":"https:\/\/aliceartworld.ro\/ro\/wp-json\/wp\/v2\/product_tag?post=9131"}],"curies":[{"name":"wp","href":"https:\/\/api.w.org\/{rel}","templated":true}]}}