{"id":9133,"date":"2025-10-27T07:21:30","date_gmt":"2025-10-27T07:21:30","guid":{"rendered":"https:\/\/aliceartworld.ro\/?post_type=product&#038;p=9133"},"modified":"2025-11-10T14:24:45","modified_gmt":"2025-11-10T14:24:45","slug":"a-love-like-ours-painting","status":"publish","type":"product","link":"https:\/\/aliceartworld.ro\/ro\/produs\/a-love-like-ours-painting\/","title":{"rendered":"Pictura O iubire ca a noastr\u0103 50x60cm"},"content":{"rendered":"<p class=\"p1\"><span class=\"s1\">\u201eO iubire ca a noastr\u0103\u201d<\/span><span class=\"s2\"> este o pictur\u0103 abstract\u0103 vibrant\u0103 care surprinde profunzimea \u0219i pasiunea iubirii. Aceast\u0103 lucrare unic\u0103, realizat\u0103 \u00een acrilic pe p\u00e2nz\u0103, se remarc\u0103 prin tu\u0219e \u00eendr\u0103zne\u021be \u0219i o palet\u0103 cromatic\u0103 intens\u0103, evoc\u00e2nd emo\u021bii de conexiune, intimitate \u0219i armonie. Compozi\u021bia sa dinamic\u0103 o transform\u0103 \u00eentr-o pies\u0103 de accent ideal\u0103 pentru interioare moderne, fie c\u0103 este expus\u0103 \u00een living, dormitor sau spa\u021biu de lucru.<\/span><\/p>\n<p class=\"p1\"><span class=\"s2\">Inspirat\u0103 de esen\u021ba iubirii \u00een toate formele sale, aceast\u0103 lucrare vorbe\u0219te limbajul universal al rela\u021biilor \u0219i al conexiunii emo\u021bionale. Texturile \u00eendr\u0103zne\u021be \u0219i culorile bogate ale picturii simbolizeaz\u0103 frumuse\u021bea \u0219i complexitatea iubirii, transform\u00e2nd-o \u00eentr-o pies\u0103 plin\u0103 de semnifica\u021bie pentru orice colec\u021bie de art\u0103.<\/span><\/p>\n<p class=\"p1\"><span class=\"s2\">Realizat\u0103 din materiale premium \u0219i culori acrilice de \u00eenalt\u0103 calitate, <\/span><span class=\"s1\">\u201eO iubire ca a noastr\u0103\u201d<\/span><span class=\"s2\"> este conceput\u0103 pentru a rezista \u00een timp, aduc\u00e2nd energie \u0219i rafinament spa\u021biului t\u0103u. Pictura este preg\u0103tit\u0103 pentru a fi ag\u0103\u021bat\u0103 \u0219i poart\u0103 semn\u0103tura artistei, garant\u00e2nd autenticitatea sa.<\/span><\/p>\n<p class=\"p1\"><span class=\"s2\">Fie c\u0103 e\u0219ti colec\u021bionar de art\u0103 contemporan\u0103 sau cau\u021bi un cadou unic, aceast\u0103 pictur\u0103 este o veritabil\u0103 celebrare a iubirii \u0219i a expresiei artistice.<\/span><\/p>\n<ul>\n<li>acrilice pe p\u00e2nz\u0103<\/li>\n<li>50\u00d760 cm<\/li>\n<li>se livreaz\u0103 f\u0103r\u0103 ram\u0103<\/li>\n<li>creat\u0103 \u00een 2024<\/li>\n<li>Pentru toate comenzile interna\u021bionale (\u00een afara Rom\u00e2niei), picturile din colec\u021bia The Calendar pot fi expediate doar <strong>rulat<\/strong>.<\/li>\n<\/ul>\n<p>\u00a0<\/p>\n<h3 style=\"text-align: left;\">R\u0103m\u00e2i conectat(\u0103) cu nout\u0103\u021bile din arta lui Alice<\/h3>\n\n<div class=\"wpcf7 no-js\" id=\"wpcf7-f9910-o1\" lang=\"en-US\" dir=\"ltr\" data-wpcf7-id=\"9910\">\n<div class=\"screen-reader-response\"><p role=\"status\" aria-live=\"polite\" aria-atomic=\"true\"><\/p> <ul><\/ul><\/div>\n<form action=\"\/ro\/wp-json\/wp\/v2\/product\/9133#wpcf7-f9910-o1\" method=\"post\" class=\"wpcf7-form init\" aria-label=\"Formular de contact\" novalidate=\"novalidate\" data-status=\"init\" data-trp-original-action=\"\/ro\/wp-json\/wp\/v2\/product\/9133#wpcf7-f9910-o1\">\n<fieldset class=\"hidden-fields-container\"><input type=\"hidden\" name=\"_wpcf7\" value=\"9910\" \/><input type=\"hidden\" name=\"_wpcf7_version\" value=\"6.1.5\" \/><input type=\"hidden\" name=\"_wpcf7_locale\" value=\"en_US\" \/><input type=\"hidden\" name=\"_wpcf7_unit_tag\" value=\"wpcf7-f9910-o1\" \/><input type=\"hidden\" name=\"_wpcf7_container_post\" value=\"0\" \/><input type=\"hidden\" name=\"_wpcf7_posted_data_hash\" value=\"\" \/>\n<\/fieldset>\n<p><label> Adresa ta de e-mail<br \/>\n<span class=\"wpcf7-form-control-wrap\" data-name=\"your-email\"><input size=\"40\" maxlength=\"400\" class=\"wpcf7-form-control wpcf7-email wpcf7-validates-as-required wpcf7-text wpcf7-validates-as-email\" autocomplete=\"email\" aria-required=\"true\" aria-invalid=\"false\" value=\"\" type=\"email\" name=\"your-email\" \/><\/span><br \/>\n<\/label>\n<\/p>\n<h3>Dore\u0219ti s\u0103 prime\u0219ti un cadou Alice de ziua ta de na\u0219tere?\n<\/h3>\n<p><label> Ziua ta de na\u0219tere-op\u021bional<br \/>\n<span class=\"wpcf7-form-control-wrap\" data-name=\"birthday\"><input class=\"wpcf7-form-control wpcf7-date wpcf7-validates-as-date\" aria-invalid=\"false\" value=\"\" type=\"date\" name=\"birthday\" \/><\/span><br \/>\n<\/label>\n<\/p>\n<p><label> Telefon-op\u021bional<br \/>\n<span class=\"wpcf7-form-control-wrap\" data-name=\"phone\"><input size=\"40\" maxlength=\"400\" class=\"wpcf7-form-control wpcf7-tel wpcf7-text wpcf7-validates-as-tel\" aria-invalid=\"false\" value=\"\" type=\"tel\" name=\"phone\" \/><\/span><br \/>\n<\/label>\n<\/p>\n<p><label> Adres\u0103 fizic\u0103-op\u021bional<br \/>\n<span class=\"wpcf7-form-control-wrap\" data-name=\"address\"><textarea cols=\"40\" rows=\"10\" maxlength=\"2000\" class=\"wpcf7-form-control wpcf7-textarea\" aria-invalid=\"false\" name=\"address\"><\/textarea><\/span><br \/>\n<\/label>\n<\/p>\n<p><input class=\"wpcf7-form-control wpcf7-submit has-spinner\" type=\"submit\" value=\"Al\u0103tur\u0103-te\" \/>\n<\/p><input type=\"hidden\" id=\"ct_checkjs_cf7_f4b9ec30ad9f68f89b29639786cb62ef\" name=\"ct_checkjs_cf7\" value=\"0\" \/><script >setTimeout(function(){var ct_input_name = \"ct_checkjs_cf7_f4b9ec30ad9f68f89b29639786cb62ef\";if (document.getElementById(ct_input_name) !== null) {var ct_input_value = document.getElementById(ct_input_name).value;document.getElementById(ct_input_name).value = document.getElementById(ct_input_name).value.replace(ct_input_value, '1686818603');}}, 1000);<\/script><input\n                    class=\"apbct_special_field apbct_email_id__wp_contact_form_7\"\n                    name=\"apbct__email_id__wp_contact_form_7\"\n                    aria-label=\"apbct__label_id__wp_contact_form_7\"\n                    type=\"text\" size=\"30\" maxlength=\"200\" autocomplete=\"off\"\n                    value=\"\"\n                \/><div class=\"wpcf7-response-output\" aria-hidden=\"true\"><\/div>\n<input type=\"hidden\" name=\"trp-form-language\" value=\"ro\"\/><\/form>\n<\/div>\n\n<p>\u00a0<\/p>","protected":false},"excerpt":{"rendered":"<p class=\"p1\"><span class=\"s1\">Adu un plus de energie spa\u021biului t\u0103u cu aceast\u0103 lucrare abstract\u0103 plin\u0103 de vitalitate, ce poart\u0103 amprenta distinctiv\u0103 a tu\u0219elor lui Alice. Reprezent\u00e2nd un cuplu care \u00ee\u0219i imagineaz\u0103 viitorul, pictura combin\u0103 nuan\u021be \u00eendr\u0103zne\u021be de roz cu albastruri profunde, cre\u00e2nd o compozi\u021bie puternic\u0103 \u0219i emo\u021bionant\u0103.<\/span><\/p>","protected":false},"featured_media":9261,"comment_status":"open","ping_status":"closed","template":"","meta":[],"product_brand":[],"product_cat":[54,55,104],"product_tag":[],"class_list":{"0":"post-9133","1":"product","2":"type-product","3":"status-publish","4":"has-post-thumbnail","6":"product_cat-all-art","7":"product_cat-new-art","8":"product_cat-unique","10":"first","11":"instock","12":"shipping-taxable","13":"purchasable","14":"product-type-simple"},"_links":{"self":[{"href":"https:\/\/aliceartworld.ro\/ro\/wp-json\/wp\/v2\/product\/9133","targetHints":{"allow":["GET"]}}],"collection":[{"href":"https:\/\/aliceartworld.ro\/ro\/wp-json\/wp\/v2\/product"}],"about":[{"href":"https:\/\/aliceartworld.ro\/ro\/wp-json\/wp\/v2\/types\/product"}],"replies":[{"embeddable":true,"href":"https:\/\/aliceartworld.ro\/ro\/wp-json\/wp\/v2\/comments?post=9133"}],"wp:featuredmedia":[{"embeddable":true,"href":"https:\/\/aliceartworld.ro\/ro\/wp-json\/wp\/v2\/media\/9261"}],"wp:attachment":[{"href":"https:\/\/aliceartworld.ro\/ro\/wp-json\/wp\/v2\/media?parent=9133"}],"wp:term":[{"taxonomy":"product_brand","embeddable":true,"href":"https:\/\/aliceartworld.ro\/ro\/wp-json\/wp\/v2\/product_brand?post=9133"},{"taxonomy":"product_cat","embeddable":true,"href":"https:\/\/aliceartworld.ro\/ro\/wp-json\/wp\/v2\/product_cat?post=9133"},{"taxonomy":"product_tag","embeddable":true,"href":"https:\/\/aliceartworld.ro\/ro\/wp-json\/wp\/v2\/product_tag?post=9133"}],"curies":[{"name":"wp","href":"https:\/\/api.w.org\/{rel}","templated":true}]}}