{"id":9140,"date":"2025-10-27T07:21:54","date_gmt":"2025-10-27T07:21:54","guid":{"rendered":"https:\/\/aliceartworld.ro\/?post_type=product&#038;p=9140"},"modified":"2026-01-26T12:44:34","modified_gmt":"2026-01-26T12:44:34","slug":"mother-and-child-painting","status":"publish","type":"product","link":"https:\/\/aliceartworld.ro\/ro\/produs\/mother-and-child-painting\/","title":{"rendered":"Pictura Mam\u0103 \u0219i Copil"},"content":{"rendered":"<p class=\"p1\"><span class=\"s1\">O lucrare creat\u0103 special pentru Cr\u0103ciun, <\/span><span class=\"s2\">\u201eMam\u0103 \u0219i Copil\u201d<\/span><span class=\"s1\"> este o frumoas\u0103 amintire a motivului pentru care celebr\u0103m acest sezon sacru: na\u0219terea lui Iisus Hristos. Aceast\u0103 pictur\u0103 surprinde leg\u0103tura imens\u0103 \u0219i necondi\u021bionat\u0103 dintre o mam\u0103 \u0219i copilul ei \u2014 o conexiune care transcende ra\u021biunea \u0219i vorbe\u0219te \u00een limbajul universal al iubirii.<\/span><\/p>\n<p class=\"p1\"><span class=\"s1\">Miracolul na\u0219terii, \u00een special na\u0219terea divin\u0103 a lui Iisus Hristos, ne conecteaz\u0103 cu Spiritul Suprem \u0219i ne reaminte\u0219te de misiunile sacre pe care le asum\u0103m odat\u0103 cu intrarea noastr\u0103 \u00een aceast\u0103 lume p\u0103m\u00e2nteasc\u0103. Aceast\u0103 lucrare invit\u0103 privitorul s\u0103 reflecteze asupra purit\u0103\u021bii maternit\u0103\u021bii, asupra sfin\u021beniei crea\u021biei \u0219i asupra profundei semnifica\u021bii spirituale a \u00eens\u0103\u0219i vie\u021bii.<\/span><\/p>\n<p class=\"p1\"><span class=\"s1\"><a href=\"https:\/\/www.ilariamarsilirometours.com\/blog\/the-first-image-of-the-madonna\"><img loading=\"lazy\" decoding=\"async\" class=\"wp-image-7218 alignleft\" src=\"https:\/\/aliceartworld.ro\/wp-content\/uploads\/2025\/01\/first-image-madonna-with-child_orig.png\" alt=\"\" width=\"359\" height=\"275\" \/><\/a>Un aspect fascinant al lucr\u0103rii <\/span><span class=\"s2\"><em>\u201eMam\u0103 \u0219i Copil\u201d<\/em> de Alice<\/span><span class=\"s1\"> const\u0103 \u00een asem\u0103narea sa cu una dintre cele mai vechi reprezent\u0103ri cunoscute ale Fecioarei Maria \u0219i Pruncului Iisus. Pictura a fost realizat\u0103 \u00eenainte ca artista s\u0103 afle despre existen\u021ba acestei reprezent\u0103ri! <\/span><\/p>\n<p class=\"p1\"><span class=\"s1\">Aceast\u0103 imagine str\u0103veche, aflat\u0103 \u00een <\/span><span class=\"s3\">Catacombele Sfintei Priscilla<\/span><span class=\"s1\"> din Roma, de-a lungul drumului Salaria, este considerat\u0103 un simbol atemporal al credin\u021bei \u0219i al devo\u021biunii. Asem\u0103narea dintre aceast\u0103 lucrare \u0219i reprezentarea antic\u0103 eviden\u021biaz\u0103 puterea durabil\u0103 a intui\u021biei artistice \u0219i leg\u0103tura ei profund\u0103 cu cunoa\u0219terea universal\u0103 \u2014 o surs\u0103 inepuizabil\u0103 de inspira\u021bie la care to\u021bi arti\u0219tii se conecteaz\u0103.<\/span><\/p>\n<p class=\"p1\"><span class=\"s1\">ChatGPT said:\n\nTonurile calde \u0219i compozi\u021bia armonioas\u0103 ale acestei picturi trezesc un sentiment de pace, speran\u021b\u0103 \u0219i iubire divin\u0103, transform\u00e2nd-o \u00eentr-o pies\u0103 central\u0103 perfect\u0103 pentru sezonul Cr\u0103ciunului. Fie c\u0103 este expus\u0103 \u00eentr-un spa\u021biu personal sau oferit\u0103 ca un dar plin de semnifica\u021bie, <\/span><span class=\"s2\">\u201eMam\u0103 \u0219i Copil\u201d<\/span><span class=\"s1\"> reprezint\u0103 un omagiu puternic adus iubirii materne, credin\u021bei \u0219i miracolului crea\u021biei.<\/span><\/p>\n<p class=\"p1\"><span class=\"s1\">Celebreaz\u0103 adev\u0103ratul spirit al Cr\u0103ciunului prin aceast\u0103 lucrare unic\u0103, care onoreaz\u0103 leg\u0103tura etern\u0103 dintre mam\u0103 \u0219i copil \u0219i te invit\u0103 s\u0103 te la\u0219i inspirat de credin\u021b\u0103, recuno\u0219tin\u021b\u0103 \u0219i conexiune spiritual\u0103.<\/span><\/p>\n<h5 style=\"text-align: center;\"><a href=\"https:\/\/www.ilariamarsilirometours.com\/blog\/the-first-image-of-the-madonna\">Descoper\u0103 povestea celei mai vechi reprezent\u0103ri p\u0103strate a Fecioarei cu Pruncul<\/a><\/h5>\n<h5 style=\"text-align: center;\"><a href=\"https:\/\/aliceartworld.ro\/ro\/categorie-produs\/all-original-art\/small-originals\/\">Descoper\u0103 mai multe lucr\u0103ri de art\u0103 de mici dimensiuni<\/a><\/h5>","protected":false},"excerpt":{"rendered":"<p>&nbsp;<\/p>\n<p>O lucrare care o \u00eenf\u0103\u021bi\u0219eaz\u0103 pe Fecioara Maria \u0219i pe Iisus Hristos, dar \u0219i leg\u0103tura transcedental\u0103 dintre o mam\u0103 \u0219i copilul ei.<\/p>\n<ul>\n<li>acrilice pe p\u00e2nz\u0103<\/li>\n<li>20\u00d720 cm<\/li>\n<li>se livreaz\u0103 f\u0103r\u0103 ram\u0103<\/li>\n<li>creat\u0103 \u00een 2024<\/li>\n<\/ul>\n<p>&nbsp;<\/p>","protected":false},"featured_media":10273,"comment_status":"open","ping_status":"closed","template":"","meta":[],"product_brand":[],"product_cat":[54,55,56,104],"product_tag":[],"class_list":{"0":"post-9140","1":"product","2":"type-product","3":"status-publish","4":"has-post-thumbnail","6":"product_cat-all-art","7":"product_cat-new-art","8":"product_cat-small-originals","9":"product_cat-unique","11":"first","12":"outofstock","13":"shipping-taxable","14":"purchasable","15":"product-type-simple"},"_links":{"self":[{"href":"https:\/\/aliceartworld.ro\/ro\/wp-json\/wp\/v2\/product\/9140","targetHints":{"allow":["GET"]}}],"collection":[{"href":"https:\/\/aliceartworld.ro\/ro\/wp-json\/wp\/v2\/product"}],"about":[{"href":"https:\/\/aliceartworld.ro\/ro\/wp-json\/wp\/v2\/types\/product"}],"replies":[{"embeddable":true,"href":"https:\/\/aliceartworld.ro\/ro\/wp-json\/wp\/v2\/comments?post=9140"}],"wp:featuredmedia":[{"embeddable":true,"href":"https:\/\/aliceartworld.ro\/ro\/wp-json\/wp\/v2\/media\/10273"}],"wp:attachment":[{"href":"https:\/\/aliceartworld.ro\/ro\/wp-json\/wp\/v2\/media?parent=9140"}],"wp:term":[{"taxonomy":"product_brand","embeddable":true,"href":"https:\/\/aliceartworld.ro\/ro\/wp-json\/wp\/v2\/product_brand?post=9140"},{"taxonomy":"product_cat","embeddable":true,"href":"https:\/\/aliceartworld.ro\/ro\/wp-json\/wp\/v2\/product_cat?post=9140"},{"taxonomy":"product_tag","embeddable":true,"href":"https:\/\/aliceartworld.ro\/ro\/wp-json\/wp\/v2\/product_tag?post=9140"}],"curies":[{"name":"wp","href":"https:\/\/api.w.org\/{rel}","templated":true}]}}