{"id":9153,"date":"2025-10-27T07:22:33","date_gmt":"2025-10-27T07:22:33","guid":{"rendered":"https:\/\/aliceartworld.ro\/?post_type=product&#038;p=9153"},"modified":"2026-01-06T10:22:44","modified_gmt":"2026-01-06T10:22:44","slug":"lovers-silk-twill-scarf-90x90-cm","status":"publish","type":"product","link":"https:\/\/aliceartworld.ro\/ro\/produs\/lovers-silk-twill-scarf-90x90-cm\/","title":{"rendered":"E\u0219arfa Lovers din m\u0103tase natural\u0103 twill 90x90cm"},"content":{"rendered":"<p>\u00a0<\/p>\n<h5 style=\"text-align: center;\"><a href=\"https:\/\/aliceartworld.ro\/ro\/produs\/lovers-large-abstract-painting\/\">Descoper\u0103 pictura original\u0103<\/a><\/h5>\n<p class=\"p1\"><span class=\"s1\">\u00cen diminea\u021ba Pa\u0219telui, ziua se desf\u0103\u0219oar\u0103 \u00eentr-o lini\u0219te senin\u0103, p\u00e2n\u0103 c\u00e2nd clopotele bisericii, a\u0219ezate pe o colin\u0103 \u00een inima satului, \u00eencep s\u0103 bat\u0103 \u00een jurul orei zece, iar sunetul lor r\u0103sun\u0103tor umple aerul. S\u0103tenii se adun\u0103 la cimitir, unde \u00eempodobesc mormintele familiei cu prosoape tradi\u021bionale brodate cu migal\u0103. Pe acestea a\u0219az\u0103 ou\u0103 ro\u0219ii, covrigi, o sticl\u0103 de vin \u0219i farfurii cu pr\u0103jitur\u0103 cu fructe, cinstindu-\u0219i cu grij\u0103 \u0219i respect cei dragi.<\/span><\/p>\n<p class=\"p1\"><span class=\"s1\">O tradi\u021bie unic\u0103 are loc pentru cuplurile de \u201emiri \u0219i mirese\u201d \u2014 cei care s-au c\u0103s\u0103torit \u00een ultimul an, de la Pa\u0219tele trecut p\u00e2n\u0103 la cel prezent. \u00cempreun\u0103 cu na\u0219ii lor, ace\u0219tia se \u00eentorc la cimitir pentru a \u00eemp\u0103r\u021bi \u201evinul dulce\u201d din acelea\u0219i sticle folosite la nunt\u0103, oferindu-l fo\u0219tilor invita\u021bi \u00eentr-un cadru profund simbolic. Acest gest al ospitalit\u0103\u021bii culmineaz\u0103 cu o invita\u021bie la \u201ePr\u00e2nzul de Pa\u0219te\u201d, un osp\u0103\u021b care reflect\u0103 meniul de la nunt\u0103, celebr\u00e2nd din nou uniunea dintre iubire \u0219i comunitate. La r\u00e2ndul lor, invita\u021bii aduc daruri, adesea obiecte practice, precum vase de buc\u0103t\u0103rie sau, mai recent, aparate electrocasnice, pentru a sprijini tinerii c\u0103s\u0103tori\u021bi \u00een construirea noii lor vie\u021bi \u00eempreun\u0103.<\/span><\/p>\n<p class=\"p1\"><span class=\"s1\">E\u0219arfa din twill de m\u0103tase Lovers este cadoul perfect cu o poveste, surprinz\u00e2nd esen\u021ba tradi\u021biilor rom\u00e2ne\u0219ti pre\u021buite \u0219i \u021bes\u00e2nd o poveste despre iubire etern\u0103 \u0219i leg\u0103turi profunde.<\/span><\/p>\n<p>\u00a0<\/p>\n<h5 style=\"text-align: center;\"><a href=\"https:\/\/aliceartworld.ro\/ro\/?p=3840\">Descoper\u0103 lansarea pe str\u0103zile Londrei<\/a><\/h5>\n<h5 style=\"text-align: center;\"><a href=\"https:\/\/www.facebook.com\/the.world.of.alice\">R\u0103m\u00e2i conectat(\u0103) cu Alice<\/a><\/h5>","protected":false},"excerpt":{"rendered":"<p class=\"p1\">E\u0219arfa din m\u0103tase twill The Lovers reimagineaz\u0103 tradi\u021bia transilv\u0103nean\u0103 de Pa\u0219ti \u201edatul de vase\u201d \u2014 o celebrare ancestral\u0103 a iubirii, \u00een care tinerii c\u0103s\u0103tori\u021bi primeau daruri din partea comunit\u0103\u021bii \u0219i le \u00eentorceau prin refacerea osp\u0103\u021bului lor de nunt\u0103, ca gest de recuno\u0219tin\u021b\u0103. Inspirat\u0103 de pictura original\u0103 a lui Alice cu acela\u0219i nume, e\u0219arfa transpune poezia acestui ritual atemporal \u00eentr-o mo\u0219tenire modern\u0103. Realizat\u0103 din cea mai fin\u0103 m\u0103tase twill, ea reflect\u0103 armonia culorilor tradi\u021bionale \u0219i spiritul comuniunii \u2014 o pies\u0103 romantic\u0103 \u0219i atemporal\u0103, ce \u00eembin\u0103 arta, tradi\u021bia \u0219i elegan\u021ba contemporan\u0103.<\/p>","protected":false},"featured_media":9442,"comment_status":"open","ping_status":"closed","template":"","meta":[],"product_brand":[],"product_cat":[80,83],"product_tag":[],"class_list":{"0":"post-9153","1":"product","2":"type-product","3":"status-publish","4":"has-post-thumbnail","6":"product_cat-designs","7":"product_cat-silk-scarves","9":"first","10":"instock","11":"shipping-taxable","12":"purchasable","13":"product-type-simple"},"_links":{"self":[{"href":"https:\/\/aliceartworld.ro\/ro\/wp-json\/wp\/v2\/product\/9153","targetHints":{"allow":["GET"]}}],"collection":[{"href":"https:\/\/aliceartworld.ro\/ro\/wp-json\/wp\/v2\/product"}],"about":[{"href":"https:\/\/aliceartworld.ro\/ro\/wp-json\/wp\/v2\/types\/product"}],"replies":[{"embeddable":true,"href":"https:\/\/aliceartworld.ro\/ro\/wp-json\/wp\/v2\/comments?post=9153"}],"wp:featuredmedia":[{"embeddable":true,"href":"https:\/\/aliceartworld.ro\/ro\/wp-json\/wp\/v2\/media\/9442"}],"wp:attachment":[{"href":"https:\/\/aliceartworld.ro\/ro\/wp-json\/wp\/v2\/media?parent=9153"}],"wp:term":[{"taxonomy":"product_brand","embeddable":true,"href":"https:\/\/aliceartworld.ro\/ro\/wp-json\/wp\/v2\/product_brand?post=9153"},{"taxonomy":"product_cat","embeddable":true,"href":"https:\/\/aliceartworld.ro\/ro\/wp-json\/wp\/v2\/product_cat?post=9153"},{"taxonomy":"product_tag","embeddable":true,"href":"https:\/\/aliceartworld.ro\/ro\/wp-json\/wp\/v2\/product_tag?post=9153"}],"curies":[{"name":"wp","href":"https:\/\/api.w.org\/{rel}","templated":true}]}}