{"id":9163,"date":"2025-10-27T07:22:55","date_gmt":"2025-10-27T07:22:55","guid":{"rendered":"https:\/\/aliceartworld.ro\/?post_type=product&#038;p=9163"},"modified":"2026-04-28T09:09:06","modified_gmt":"2026-04-28T09:09:06","slug":"wings-silk-twill-scarf-90x90-cm","status":"publish","type":"product","link":"https:\/\/aliceartworld.ro\/ro\/produs\/wings-silk-twill-scarf-90x90-cm\/","title":{"rendered":"E\u0219arfa Wings din m\u0103tase natural\u0103 twill 90x90cm"},"content":{"rendered":"<p><strong>Wings \u2013 o e\u0219arf\u0103 din m\u0103tase twill ilustrat\u0103 de artist, inspirat\u0103 de iubirea \u0219i mo\u0219tenirea atemporal\u0103.<\/strong><\/p>\n<p>E\u0219arf\u0103 din twill de m\u0103tase cu aripi - un cadou cu poveste, confec\u021bionat\u0103 din twill de m\u0103tase de lux, m\u0103soar\u0103 un generos 90x90 cm \u0219i prezint\u0103 un design bogat \u00een istorie \u0219i simbolism. Inspira\u021bia sa provine de la fusurile \u00eenaripate din vremuri de mult apuse \u2013 obiecte \u00eenc\u0103rcate de semnifica\u021bie cultural\u0103 \u0219i cu designuri totemice care purtau mesaje de iubire etern\u0103.<\/p>\n<h3>O poveste de iubire \u00een fiecare detaliu<\/h3>\n<p>\u00cen tradi\u021bie, ciobanii sculptau aceste fuse minu\u021bios ornamentate \u00een lunile petrecute la munte, de la s\u0103rb\u0103toarea Sfin\u021bilor Constantin \u0219i Elena p\u00e2n\u0103 la Ziua Sf\u00e2ntului Dumitru. Scopul lor? S\u0103 creeze daruri pline de suflet pentru iubitele sau logodnicele lor. Aceste simboluri ale iubirii erau mai mult dec\u00e2t simple obiecte \u2014 reprezentau adev\u0103rate dovezi de devotament.<\/p>\n<p>Tinerele aveau un rol esen\u021bial \u00een acest ritual al iubirii. Acceptarea unui fus simboliza afec\u021biunea reciproc\u0103, \u00een timp ce ruperea lui era un gest de respingere, \u00eenc\u0103rcat de semnifica\u021bie emo\u021bional\u0103.<\/p>\n<h3>Note personale de romantism<\/h3>\n<p>Ciobanii care \u0219tiau s\u0103 scrie \u00ee\u0219i personalizau adesea fusele prin gravuri ce includeau anul, numele iubitei \u0219i uneori versuri de dragoste. Aceste crea\u021bii erau oferite adesea \u00een timpul \u201e\u0219ez\u0103torilor\u201d \u2013 adun\u0103ri tradi\u021bionale pline de simbolism, unde gesturile romantice se \u00eempleteau cu ritmurile vie\u021bii rurale.<\/p>\n<h3>Un design \u00eenr\u0103d\u0103cinat \u00een istorie<\/h3>\n<p>Un asemenea r\u0103boj, gravat cu numele unui \u00eendr\u0103gostit, a inspirat designul complex al acestei e\u0219arfe. Aceasta se inspir\u0103 dintr-o expozi\u021bie de la Muzeul Municipal \u201cIoan Raica\u201d din Sebe\u0219, provenind din satul \u0218ugag. Alte motive sunt inspirate de r\u0103boace sparte, colectate de Octavian Goga \u00een M\u0103rginimea Sibiului, \u00een special din Tili\u0219ca, \u0219i publicate \u00een <em>Luceaf\u0103rul<\/em> din 15 februarie 1906.<\/p>\n<h3>Dincolo de romantism: un simbol universal<\/h3>\n<p>Fusul de tors dep\u0103\u0219e\u0219te simbolismul romantic, reprezent\u00e2nd o nara\u021biune str\u0103veche a crea\u021biei \u0219i a echilibrului cosmic. A\u0219a cum o descrie Ion Dr\u0103gu\u0219anul, el \u00eentruchipeaz\u0103 o \u201ecosmogonie primordial\u0103\u201d, \u00een care arborele cosmic, vegheat de Marte \u0219i slujit de Venus, ad\u0103poste\u0219te Spiritul Universal sub forma Soarelui.<\/p>\n<p>E\u0219arfa Wings celebreaz\u0103 iubirea etern\u0103, mo\u0219tenirea cultural\u0103 \u0219i m\u0103iestria unei epoci apuse, \u00eempletind istoria \u0219i frumuse\u021bea \u00eentr-o capodoper\u0103 purtabil\u0103.<\/p>\n<h5 style=\"text-align: center;\"><a href=\"https:\/\/aliceartworld.ro\/ro\/silk-scarves-travel\/\">Descoper\u0103 lansarea pe str\u0103zile Londrei<\/a><\/h5>\n<h5 style=\"text-align: center;\"><a href=\"https:\/\/www.facebook.com\/the.world.of.alice\">R\u0103m\u00e2i conectat(\u0103) cu Alice<\/a><\/h5>","protected":false},"excerpt":{"rendered":"<p class=\"p1\">E\u0219arfa Wings din m\u0103tase twill reinterpreteaz\u0103 \u00eentr-o form\u0103 modern\u0103 elegan\u021ba atemporal\u0103 a motivelor tradi\u021bionale rom\u00e2ne\u0219ti sculptate \u00een lemn. O pies\u0103 sofisticat\u0103 \u0219i versatil\u0103, care adaug\u0103 o not\u0103 de gra\u021bie \u0219i profunzime oric\u0103rei \u021binute.<\/p>","protected":false},"featured_media":9439,"comment_status":"open","ping_status":"closed","template":"","meta":[],"product_brand":[],"product_cat":[80,84,83],"product_tag":[],"class_list":{"0":"post-9163","1":"product","2":"type-product","3":"status-publish","4":"has-post-thumbnail","6":"product_cat-designs","7":"product_cat-iconic","8":"product_cat-silk-scarves","10":"first","11":"instock","12":"shipping-taxable","13":"purchasable","14":"product-type-simple"},"_links":{"self":[{"href":"https:\/\/aliceartworld.ro\/ro\/wp-json\/wp\/v2\/product\/9163","targetHints":{"allow":["GET"]}}],"collection":[{"href":"https:\/\/aliceartworld.ro\/ro\/wp-json\/wp\/v2\/product"}],"about":[{"href":"https:\/\/aliceartworld.ro\/ro\/wp-json\/wp\/v2\/types\/product"}],"replies":[{"embeddable":true,"href":"https:\/\/aliceartworld.ro\/ro\/wp-json\/wp\/v2\/comments?post=9163"}],"wp:featuredmedia":[{"embeddable":true,"href":"https:\/\/aliceartworld.ro\/ro\/wp-json\/wp\/v2\/media\/9439"}],"wp:attachment":[{"href":"https:\/\/aliceartworld.ro\/ro\/wp-json\/wp\/v2\/media?parent=9163"}],"wp:term":[{"taxonomy":"product_brand","embeddable":true,"href":"https:\/\/aliceartworld.ro\/ro\/wp-json\/wp\/v2\/product_brand?post=9163"},{"taxonomy":"product_cat","embeddable":true,"href":"https:\/\/aliceartworld.ro\/ro\/wp-json\/wp\/v2\/product_cat?post=9163"},{"taxonomy":"product_tag","embeddable":true,"href":"https:\/\/aliceartworld.ro\/ro\/wp-json\/wp\/v2\/product_tag?post=9163"}],"curies":[{"name":"wp","href":"https:\/\/api.w.org\/{rel}","templated":true}]}}