{"id":9174,"date":"2025-10-27T07:23:22","date_gmt":"2025-10-27T07:23:22","guid":{"rendered":"https:\/\/aliceartworld.ro\/?post_type=product&#038;p=9174"},"modified":"2026-04-02T09:02:18","modified_gmt":"2026-04-02T09:02:18","slug":"infinit-sculptural-candle","status":"publish","type":"product","link":"https:\/\/aliceartworld.ro\/ro\/produs\/infinit-sculptural-candle\/","title":{"rendered":"Lum\u00e2nare sculptural\u0103 INFINIT"},"content":{"rendered":"<ul>\n<li>Realizat\u0103 dintr-un amestec de 50% cear\u0103 de soia \u0219i 50% cear\u0103 de cocos.<\/li>\n<li>lum\u00e2nare vegan\u0103<\/li>\n<li>timp de ardere de 3 ore<\/li>\n<li>Se livreaz\u0103 ambalat pentru cadou \ud83c\udf81<\/li>\n<li>Culorile pot varia u\u0219or, fiind un produs realizat manual<\/li>\n<\/ul>","protected":false},"excerpt":{"rendered":"<p class=\"\" data-start=\"65\" data-end=\"339\"><strong data-start=\"65\" data-end=\"76\">INFINIT<\/strong> \u2013 o colec\u021bie de lum\u00e2n\u0103ri n\u0103scut\u0103 din originile mitice ale crea\u021biei, inspirat\u0103 de oul primordial din folclorul rom\u00e2nesc. Simboliz\u00e2nd unitatea dintre p\u0103m\u00e2nt, cer \u0219i apele cosmice din care a luat na\u0219tere via\u021ba, aceast\u0103 form\u0103 sculptural\u0103 evoc\u0103 echilibrul \u0219i armonia atemporale.<\/p>\n<p data-start=\"65\" data-end=\"339\">Infuzate cu trei arome intense \u0219i rafinate, aceste lum\u00e2n\u0103ri \u00eenc\u00e2nt\u0103 sim\u021burile chiar \u0219i atunci c\u00e2nd nu sunt aprinse \u2014 r\u0103sp\u00e2ndind vise \u0219i mirare cu fiecare respira\u021bie.<\/p>","protected":false},"featured_media":10215,"comment_status":"open","ping_status":"closed","template":"","meta":[],"product_brand":[],"product_cat":[80,86],"product_tag":[],"class_list":{"0":"post-9174","1":"product","2":"type-product","3":"status-publish","4":"has-post-thumbnail","6":"product_cat-designs","7":"product_cat-home","9":"first","10":"instock","11":"shipping-taxable","12":"purchasable","13":"product-type-variable"},"_links":{"self":[{"href":"https:\/\/aliceartworld.ro\/ro\/wp-json\/wp\/v2\/product\/9174","targetHints":{"allow":["GET"]}}],"collection":[{"href":"https:\/\/aliceartworld.ro\/ro\/wp-json\/wp\/v2\/product"}],"about":[{"href":"https:\/\/aliceartworld.ro\/ro\/wp-json\/wp\/v2\/types\/product"}],"replies":[{"embeddable":true,"href":"https:\/\/aliceartworld.ro\/ro\/wp-json\/wp\/v2\/comments?post=9174"}],"wp:featuredmedia":[{"embeddable":true,"href":"https:\/\/aliceartworld.ro\/ro\/wp-json\/wp\/v2\/media\/10215"}],"wp:attachment":[{"href":"https:\/\/aliceartworld.ro\/ro\/wp-json\/wp\/v2\/media?parent=9174"}],"wp:term":[{"taxonomy":"product_brand","embeddable":true,"href":"https:\/\/aliceartworld.ro\/ro\/wp-json\/wp\/v2\/product_brand?post=9174"},{"taxonomy":"product_cat","embeddable":true,"href":"https:\/\/aliceartworld.ro\/ro\/wp-json\/wp\/v2\/product_cat?post=9174"},{"taxonomy":"product_tag","embeddable":true,"href":"https:\/\/aliceartworld.ro\/ro\/wp-json\/wp\/v2\/product_tag?post=9174"}],"curies":[{"name":"wp","href":"https:\/\/api.w.org\/{rel}","templated":true}]}}