{"id":9292,"date":"2025-10-27T07:29:35","date_gmt":"2025-10-27T07:29:35","guid":{"rendered":"https:\/\/aliceartworld.ro\/?post_type=product&#038;p=9292"},"modified":"2026-04-02T07:54:27","modified_gmt":"2026-04-02T07:54:27","slug":"the-heirloom-bag-ivory","status":"publish","type":"product","link":"https:\/\/aliceartworld.ro\/ro\/produs\/the-heirloom-bag-ivory\/","title":{"rendered":"Geanta Heirloom Ivory"},"content":{"rendered":"<div>\n<ul>\n<li>Piele neted\u0103 ivoire (vi\u021bel)<\/li>\n<li>Curea de um\u0103r reglabil\u0103, poate fi purtat\u0103 sub bra\u021b sau pe diagonal\u0103.<\/li>\n<li>Complet c\u0103ptu\u0219it\u0103 cu piele \u00eentoars\u0103 ro\u0219u-purpuriu<\/li>\n<li>\u00cenchidere cu fermoar dublu, de-a lungul p\u0103r\u021bii frontale \u0219i laterale<\/li>\n<li>Vine \u00eenso\u021bit\u0103 de un s\u0103cule\u021b de protec\u021bie<\/li>\n<li>C\u00e2nt\u0103re\u0219te aproximativ 0,4 kg<\/li>\n<\/ul>\n<p>\u00a0<\/p>\n<p data-start=\"143\" data-end=\"413\">Inspirat\u0103 de silueta atemporal\u0103 a l\u0103zii de zestre tradi\u021bionale rom\u00e2ne\u0219ti,\u00a0<em data-start=\"226\" data-end=\"240\">geanta Heriloom<\/em>\u00a0este realizat\u0103 manual cu migal\u0103 de artizani din Sibiu, Rom\u00e2nia. Confec\u021bionat\u0103 din piele alb\u0103 neted\u0103, forma sa sculptural\u0103 \u0219i arhitectural\u0103 reflect\u0103 at\u00e2t for\u021ba, c\u00e2t \u0219i minimalismul rafinat.<\/p>\n<p data-start=\"415\" data-end=\"680\">\u00cen centrul s\u0103u se afl\u0103 dou\u0103 simboluri solare gravate \u2014 motive str\u0103vechi reg\u0103site pe cele mai vechi l\u0103zi de zestre \u2014 care evoc\u0103 continuitatea, protec\u021bia \u0219i for\u021ba vital\u0103 a tradi\u021biei. Fermoarul circular \u0219i accesoriile metalice aurii completeaz\u0103 designul cu o elegan\u021b\u0103 discret\u0103.<\/p>\n<p data-start=\"682\" data-end=\"1002\">Geanta se deschide pentru a dezv\u0103lui o c\u0103ptu\u0219eal\u0103 din piele \u00eentoars\u0103 ro\u0219u intens, oferind un contrast \u00eendr\u0103zne\u021b \u0219i un interior generos, moale, ideal pentru obiectele tale esen\u021biale de zi cu zi: telefon, portofel, ochelari de soare \u0219i multe altele. Cureaua reglabil\u0103 poate fi purtat\u0103 scurt, pe un um\u0103r, sau extins\u0103 pentru o purtare confortabil\u0103 pe diagonal\u0103, asigur\u00e2nd o versatilitate f\u0103r\u0103 efort pe tot parcursul zilei.<\/p>\n<p data-start=\"1004\" data-end=\"1097\">Creat\u0103 ca o mo\u0219tenire modern\u0103, aceast\u0103 pies\u0103 nu poart\u0103 doar obiecte \u2014 poart\u0103 sens \u0219i cultur\u0103. Poart-o cu m\u00e2ndrie.<\/p>\n<\/div>","protected":false},"excerpt":{"rendered":"<p data-start=\"156\" data-end=\"382\"><strong data-start=\"156\" data-end=\"194\">Un omagiu sculptural adus tradi\u021biei.<\/strong><\/p>\n<p data-start=\"156\" data-end=\"382\">Fabricat\u0103 manual \u00een Sibiu,\u00a0<em data-start=\"223\" data-end=\"237\">geanta Heriloom<\/em> \u00eembin\u0103 elegan\u021ba minimalist\u0103 cu simbolismul ancestral \u2014 av\u00e2nd dou\u0103 motive solare, asemenea l\u0103zilor de zestre transmise din genera\u021bie \u00een genera\u021bie \u00een satele rom\u00e2ne\u0219ti, \u00eentruchip\u00e2nd esen\u021ba a dou\u0103 lumi care \u00ee\u0219i unesc for\u021bele prin c\u0103s\u0103torie.<\/p>","protected":false},"featured_media":9420,"comment_status":"open","ping_status":"closed","template":"","meta":[],"product_brand":[],"product_cat":[81,80,84,106],"product_tag":[],"class_list":{"0":"post-9292","1":"product","2":"type-product","3":"status-publish","4":"has-post-thumbnail","6":"product_cat-bags","7":"product_cat-designs","8":"product_cat-iconic","9":"product_cat-new-designs","11":"first","12":"instock","13":"shipping-taxable","14":"purchasable","15":"product-type-variable"},"_links":{"self":[{"href":"https:\/\/aliceartworld.ro\/ro\/wp-json\/wp\/v2\/product\/9292","targetHints":{"allow":["GET"]}}],"collection":[{"href":"https:\/\/aliceartworld.ro\/ro\/wp-json\/wp\/v2\/product"}],"about":[{"href":"https:\/\/aliceartworld.ro\/ro\/wp-json\/wp\/v2\/types\/product"}],"replies":[{"embeddable":true,"href":"https:\/\/aliceartworld.ro\/ro\/wp-json\/wp\/v2\/comments?post=9292"}],"wp:featuredmedia":[{"embeddable":true,"href":"https:\/\/aliceartworld.ro\/ro\/wp-json\/wp\/v2\/media\/9420"}],"wp:attachment":[{"href":"https:\/\/aliceartworld.ro\/ro\/wp-json\/wp\/v2\/media?parent=9292"}],"wp:term":[{"taxonomy":"product_brand","embeddable":true,"href":"https:\/\/aliceartworld.ro\/ro\/wp-json\/wp\/v2\/product_brand?post=9292"},{"taxonomy":"product_cat","embeddable":true,"href":"https:\/\/aliceartworld.ro\/ro\/wp-json\/wp\/v2\/product_cat?post=9292"},{"taxonomy":"product_tag","embeddable":true,"href":"https:\/\/aliceartworld.ro\/ro\/wp-json\/wp\/v2\/product_tag?post=9292"}],"curies":[{"name":"wp","href":"https:\/\/api.w.org\/{rel}","templated":true}]}}